{"id":930,"date":"2022-11-18T09:06:16","date_gmt":"2022-11-18T08:06:16","guid":{"rendered":"http:\/\/westfriesmuseumnl.test\/cookies-en-privacy\/"},"modified":"2024-12-31T15:40:42","modified_gmt":"2024-12-31T14:40:42","slug":"datenschutzerklarung","status":"publish","type":"page","link":"https:\/\/westfriesmuseum.nl\/de\/datenschutzerklarung\/","title":{"rendered":"Datenschutzerkl\u00e4rung"},"content":{"rendered":"\n<p>Das Westfries Museum, Teil der Gemeinde Hoorn, legt gro\u00dfen Wert auf den Schutz Ihrer personenbezogenen Daten. In dieser Datenschutzerkl\u00e4rung erkl\u00e4ren wir, wie wir sorgf\u00e4ltig mit Ihren Daten umgehen.<\/p>\n\n\n\n<h3 class=\"wp-block-heading\"><strong>Verantwortlicher f\u00fcr die Datenverarbeitung<\/strong><\/h3>\n\n\n\n<p>Das Westfries Museum ist Teil der Gemeinde Hoorn. Das bedeutet, dass die Gemeinde Hoorn f\u00fcr die Verarbeitung Ihrer personenbezogenen Daten verantwortlich ist. Sie k\u00f6nnen die Gemeinde Hoorn wie folgt kontaktieren:<\/p>\n\n\n\n<p><strong>Besuchsadresse<\/strong><br>Nieuwe Steen 29<br>1625 HV Hoorn<\/p>\n\n\n\n<p><strong>Postadresse<\/strong><br>Postbus 603<br>1620 AR Hoorn<\/p>\n\n\n\n<h3 class=\"wp-block-heading\"><strong>Welche personenbezogenen Daten verwenden wir?<\/strong><\/h3>\n\n\n\n<p>Welche Daten wir von Ihnen ben\u00f6tigen, h\u00e4ngt vom jeweiligen Dienst oder Produkt ab. Wir fragen nur nach den Daten, die wirklich notwendig sind, wie z. B.:<\/p>\n\n\n\n<ul class=\"wp-block-list\">\n<li>Name<\/li>\n\n\n\n<li>Adresse<\/li>\n\n\n\n<li>Telefonnummer<\/li>\n\n\n\n<li>E-Mail-Adresse<\/li>\n\n\n\n<li>Zahlungsdaten<\/li>\n<\/ul>\n\n\n\n<h3 class=\"wp-block-heading\"><strong>Wann verwenden wir Ihre Daten?<\/strong><\/h3>\n\n\n\n<p><strong>Beim Kauf eines Tickets<\/strong><br>Wenn Sie ein Ticket kaufen, schlie\u00dfen wir einen Vertrag miteinander. Daf\u00fcr ben\u00f6tigen wir Ihre Kontakt- und Zahlungsdaten. Wir speichern diese Daten bis zu 7 Jahre nach Ablauf des Jahres, in dem Sie das Ticket gekauft haben. Diese Aufbewahrungsfrist ist aufgrund unserer steuerlichen Aufbewahrungspflichten erforderlich.<\/p>\n\n\n\n<p><strong>Beim Besuch des Museums<\/strong><br>Am Eingang bitten wir Sie, Ihr Ticket vorzuzeigen. Wenn Sie eine Museumskarte oder eine VriendenLoterij VIP-Karte verwenden, registriert der Kartenaussteller das Datum und die Uhrzeit Ihres Besuchs. Wir erhalten diese Daten nicht, wir k\u00f6nnen lediglich anonyme Statistiken abrufen. Weitere Informationen dar\u00fcber, wie diese Anbieter Ihre Daten verarbeiten, finden Sie in der Datenschutzerkl\u00e4rung der <a href=\"https:\/\/www.museum.nl\/nl\/privacy\" target=\"_blank\" rel=\"noreferrer noopener\">Museumskarte<\/a> oder der <a href=\"https:\/\/www.vriendenloterij.nl\/over\/regelgeving-en-toezicht\/privacy\" target=\"_blank\" rel=\"noreferrer noopener\">VriendenLoterij<\/a>.<\/p>\n\n\n\n<p>W\u00e4hrend Ihres Besuchs im Museum verwenden wir Kameraaufnahmen. Dies geschieht zur Sicherheit unserer Besucher und zum Schutz von Eigentum. Die Aufnahmen werden maximal 4 Wochen aufbewahrt. Dies erfolgt auf Grundlage eines berechtigten Interesses.<\/p>\n\n\n\n<p><strong>Wenn Sie uns kontaktieren<\/strong><br>Wenn Sie uns kontaktieren, ben\u00f6tigen wir Ihren Namen, Ihre Telefonnummer und\/oder Ihre E-Mail-Adresse. Wir speichern diese Daten, bis Ihre Anfrage bearbeitet wurde, und bis zu 2 Monate danach.<\/p>\n\n\n\n<p><strong>Anmeldung f\u00fcr den Newsletter<\/strong><br>F\u00fcr den Versand unseres Newsletters bitten wir um Ihre Zustimmung. Sie k\u00f6nnen diese Zustimmung jederzeit widerrufen, indem Sie auf den Link in jedem Newsletter klicken.<\/p>\n\n\n\n<p><strong>Cookies<\/strong><br>\u00dcber unsere Website sammeln wir Daten \u00fcber Ihren Besuch. Wir erfassen statistische Informationen, da sowohl wir als auch unsere Besucher davon profitieren. Die Informationen aus Cookies nutzen wir, um die ordnungsgem\u00e4\u00dfe Funktion der Website zu gew\u00e4hrleisten und Besucher gut informieren zu k\u00f6nnen. Weitere Details finden Sie in unserer <a href=\"https:\/\/westfriesmuseum.nl\/de\/cookie-richtlinie\/?_gl=1*rkjmfc*_up*MQ..*_ga*MzIwMjY4ODYyLjE3MzU2NTU3ODQ.*_ga_VWCQJNGDV3*MTczNTY1NTc4NC4xLjAuMTczNTY1NTc4NC4wLjAuMA..\">Cookie-Richtlinie<\/a>. Sie k\u00f6nnen Ihre erteilte Zustimmung auch \u00fcber die Schaltfl\u00e4che unten links auf dem Bildschirm oder am Ende der <a href=\"https:\/\/westfriesmuseum.nl\/de\/cookie-richtlinie\/?_gl=1*rkjmfc*_up*MQ..*_ga*MzIwMjY4ODYyLjE3MzU2NTU3ODQ.*_ga_VWCQJNGDV3*MTczNTY1NTc4NC4xLjAuMTczNTY1NTc4NC4wLjAuMA..\">Cookie-Richtlinie<\/a> widerrufen.<\/p>\n\n\n\n<h3 class=\"wp-block-heading\"><strong>Wie gehen wir mit Ihren Daten um?<\/strong><\/h3>\n\n\n\n<p>Wir speichern Ihre Daten sicher in gesch\u00fctzten Systemen. Nur Mitarbeiter, die Ihre Daten f\u00fcr ihre Arbeit ben\u00f6tigen, haben Zugang. Unsere Mitarbeiter sind verpflichtet, Ihre Daten vertraulich zu behandeln. Wir speichern Ihre Daten nicht l\u00e4nger als n\u00f6tig.<\/p>\n\n\n\n<h3 class=\"wp-block-heading\"><strong>Teilen wir Ihre Daten mit anderen?<\/strong><\/h3>\n\n\n\n<p>In bestimmten F\u00e4llen teilen wir Ihre Daten mit anderen Organisationen. Wir tun dies, wenn:<\/p>\n\n\n\n<ul class=\"wp-block-list\">\n<li>Wir mit Organisationen zusammenarbeiten, z. B. bei Veranstaltungen: In diesem Fall kann es erforderlich sein, Ihre Daten mit dem Veranstalter zu teilen.<\/li>\n\n\n\n<li>Wir Cookies von Cookie-Partnern verwenden: Weitere Informationen finden Sie in unserer <a href=\"https:\/\/westfriesmuseum.nl\/de\/cookie-richtlinie\/?_gl=1*1g1x3v*_up*MQ..*_ga*MTg2NTQ1ODMyNS4xNzM1NjU1NjY1*_ga_VWCQJNGDV3*MTczNTY1NTY2NC4xLjAuMTczNTY1NTY2NC4wLjAuMA..\">Cookie-Richtlinie<\/a>.<\/li>\n\n\n\n<li>Wir andere Dienstleister beauftragen: Zum Beispiel Zahlungsdienstleister, Website-Hosting, Marketingpartner und Cloud-Dienstleister, etwa f\u00fcr Newsletter und Ticketverk\u00e4ufe.<\/li>\n<\/ul>\n\n\n\n<p>Wir stellen sicher, dass diese Organisationen Ihre Daten genauso sorgf\u00e4ltig behandeln wie wir. Daf\u00fcr schlie\u00dfen wir Vereinbarungen mit diesen Organisationen, in denen die Nutzung und der Schutz dieser Daten geregelt werden. Das Westfries Museum gibt Ihre Daten weiter, wenn dies erforderlich ist f\u00fcr:<\/p>\n\n\n\n<ul class=\"wp-block-list\">\n<li>Die Erf\u00fcllung unseres Vertrags mit Ihnen: zum Beispiel zur Abwicklung Ihres Ticketkaufs.<\/li>\n\n\n\n<li>Wenn Sie Ihre Zustimmung gegeben haben: zum Beispiel f\u00fcr den Erhalt unseres Newsletters.<\/li>\n\n\n\n<li>Die Erf\u00fcllung einer gesetzlichen Verpflichtung: zum Beispiel, wenn die Steuerbeh\u00f6rden bestimmte Daten anfordern.<\/li>\n<\/ul>\n\n\n\n<p>Ihre personenbezogenen Daten, mit Ausnahme von Cookie-Informationen, werden so weit wie m\u00f6glich innerhalb des Europ\u00e4ischen Wirtschaftsraums (EWR) verarbeitet. Nur wenn wir absolut sicher sind, dass angemessene Schutzma\u00dfnahmen zum Schutz Ihrer Privatsph\u00e4re getroffen wurden, k\u00f6nnen wir uns entscheiden, Dienstleister au\u00dferhalb des EWR einzusetzen.<\/p>\n\n\n\n<h3 class=\"wp-block-heading\"><strong>Ihre personenbezogenen Daten und Rechte<\/strong><\/h3>\n\n\n\n<p>Sie haben verschiedene Rechte in Bezug auf Ihre personenbezogenen Daten. Sie haben das Recht auf Information, Auskunft, Berichtigung, L\u00f6schung, Einschr\u00e4nkung, \u00dcbertragung und Widerspruch. Dar\u00fcber hinaus k\u00f6nnen Sie Ihre erteilte Zustimmung jederzeit widerrufen, z. B. wenn Sie keinen Newsletter mehr erhalten m\u00f6chten.<\/p>\n\n\n\n<p>M\u00f6chten Sie eines dieser Rechte aus\u00fcben? Bitte kontaktieren Sie die Gemeinde Hoorn. Auf der Seite der Gemeinde Hoorn \u201e<a href=\"https:\/\/www.hoorn.nl\/persoonsgegevens-aanpassen\">Ihre personenbezogenen Daten und Ihre Rechte<\/a>\u201c finden Sie weitere Informationen zu Ihren Rechten und wie Sie einen Antrag stellen k\u00f6nnen. Um sicherzustellen, dass der Antrag wirklich von Ihnen stammt, k\u00f6nnen wir Sie um zus\u00e4tzliche Informationen bitten, um Ihre Identit\u00e4t zu best\u00e4tigen.<\/p>\n\n\n\n<p>Wir bem\u00fchen uns, so schnell wie m\u00f6glich auf Ihren Antrag zu reagieren, in jedem Fall innerhalb von vier Wochen. Sollte die Bearbeitung Ihres Antrags mehr Zeit in Anspruch nehmen, informieren wir Sie. In einigen F\u00e4llen k\u00f6nnen wir die Frist um maximal 2 Monate verl\u00e4ngern.<\/p>\n\n\n\n<p>Wenn Sie eine Frage haben oder mit den von uns gesammelten Daten, der Art und Weise, wie wir sie gesammelt haben, oder dem Umgang mit Ihren Daten unzufrieden sind, lassen Sie es uns bitte wissen! Sie k\u00f6nnen uns per E-Mail (<a>in&#102;o&#64;w&#102;m&#46;&#110;&#108;<\/a>) oder telefonisch (0229 280028) erreichen. Wir sprechen gerne mit Ihnen dar\u00fcber.<\/p>\n\n\n\n<h3 class=\"wp-block-heading\"><strong>\u00dcberwachung Ihrer Daten<\/strong><\/h3>\n\n\n\n<p>Die Gemeinde Hoorn hat einen Datenschutzbeauftragten (DSB). Wenn Sie Fragen oder Beschwerden dar\u00fcber haben, wie das Westfries Museum mit Ihren Daten umgeht, wenden Sie sich bitte an den DSB \u00fcber das <a href=\"https:\/\/formulieren.hoorn.nl\/formulier\/nl-NL\/DefaultEnvironment\/scKlantvraagWeb.aspx\/fKlantVraag\">Kontaktformular<\/a> auf der Website der Gemeinde Hoorn oder rufen Sie 0229 25 22 00 an.<\/p>\n\n\n\n<p>Die niederl\u00e4ndische <a href=\"https:\/\/autoriteitpersoonsgegevens.nl\/\" target=\"_blank\" rel=\"noreferrer noopener\">Datenschutzbeh\u00f6rde<\/a> (AP) ist die nationale Aufsichtsbeh\u00f6rde f\u00fcr Datenschutzfragen. Wenn Sie eine Beschwerde dar\u00fcber haben, wie das Westfries Museum mit Ihren personenbezogenen Daten umgeht, k\u00f6nnen Sie sich auch an die AP wenden.<\/p>\n\n\n\n<p><\/p>\n","protected":false},"excerpt":{"rendered":"<p>Das Westfries Museum, Teil der Gemeinde Hoorn, legt gro\u00dfen Wert auf den Schutz Ihrer personenbezogenen Daten. In dieser Datenschutzerkl\u00e4rung erkl\u00e4ren wir, wie wir sorgf\u00e4ltig mit Ihren Daten umgehen. Verantwortlicher f\u00fcr die Datenverarbeitung Das Westfries Museum ist Teil der Gemeinde Hoorn. Das bedeutet, dass die Gemeinde Hoorn f\u00fcr die Verarbeitung Ihrer personenbezogenen Daten verantwortlich ist. Sie<a class=\"excerpt-read-more\" href=\"https:\/\/westfriesmuseum.nl\/de\/datenschutzerklarung\/\" title=\"WeiterlesenDatenschutzerkl\u00e4rung\">.. Weiterlesen \u00bb<\/a><\/p>\n","protected":false},"author":1,"featured_media":127,"parent":0,"menu_order":0,"comment_status":"closed","ping_status":"closed","template":"page-templates\/header-small.php","meta":{"_acf_changed":false,"footnotes":""},"class_list":["post-930","page","type-page","status-publish","has-post-thumbnail","hentry"],"acf":[],"yoast_head":"<!-- This site is optimized with the Yoast SEO plugin v27.3 - https:\/\/yoast.com\/product\/yoast-seo-wordpress\/ -->\n<title>Datenschutzerkl\u00e4rung - Westfries Museum<\/title>\n<meta name=\"description\" content=\"F\u00fcr die Gemeinde Hoorn und das Westfries Museum ist es wichtig, dass Ihre Daten sorgf\u00e4ltig behandelt werden. In dieser Datenschutzerkl\u00e4rung erkl\u00e4ren wir, wie wir dies tun.\" \/>\n<meta name=\"robots\" content=\"index, follow, max-snippet:-1, max-image-preview:large, max-video-preview:-1\" \/>\n<link rel=\"canonical\" href=\"https:\/\/westfriesmuseum.nl\/de\/datenschutzerklarung\/\" \/>\n<meta property=\"og:locale\" content=\"de_DE\" \/>\n<meta property=\"og:type\" content=\"article\" \/>\n<meta property=\"og:title\" content=\"Datenschutzerkl\u00e4rung - Westfries Museum\" \/>\n<meta property=\"og:description\" content=\"F\u00fcr die Gemeinde Hoorn und das Westfries Museum ist es wichtig, dass Ihre Daten sorgf\u00e4ltig behandelt werden. In dieser Datenschutzerkl\u00e4rung erkl\u00e4ren wir, wie wir dies tun.\" \/>\n<meta property=\"og:url\" content=\"https:\/\/westfriesmuseum.nl\/de\/datenschutzerklarung\/\" \/>\n<meta property=\"og:site_name\" content=\"Westfries Museum\" \/>\n<meta property=\"article:publisher\" content=\"https:\/\/nl-nl.facebook.com\/westfriesmuseum\/\" \/>\n<meta property=\"article:modified_time\" content=\"2024-12-31T14:40:42+00:00\" \/>\n<meta property=\"og:image\" content=\"https:\/\/westfriesmuseum.nl\/wp-content\/uploads\/2022\/11\/image-header-1920x1080-1.jpg\" \/>\n\t<meta property=\"og:image:width\" content=\"1920\" \/>\n\t<meta property=\"og:image:height\" content=\"1080\" \/>\n\t<meta property=\"og:image:type\" content=\"image\/jpeg\" \/>\n<meta name=\"twitter:card\" content=\"summary_large_image\" \/>\n<meta name=\"twitter:site\" content=\"@WestfriesMuseum\" \/>\n<meta name=\"twitter:label1\" content=\"Est. reading time\" \/>\n\t<meta name=\"twitter:data1\" content=\"5\u00a0Minute\" \/>\n<script type=\"application\/ld+json\" class=\"yoast-schema-graph\">{\"@context\":\"https:\\\/\\\/schema.org\",\"@graph\":[{\"@type\":\"WebPage\",\"@id\":\"https:\\\/\\\/westfriesmuseum.nl\\\/de\\\/datenschutzerklarung\\\/\",\"url\":\"https:\\\/\\\/westfriesmuseum.nl\\\/de\\\/datenschutzerklarung\\\/\",\"name\":\"Datenschutzerkl\u00e4rung - Westfries Museum\",\"isPartOf\":{\"@id\":\"https:\\\/\\\/westfriesmuseum.nl\\\/de\\\/#website\"},\"primaryImageOfPage\":{\"@id\":\"https:\\\/\\\/westfriesmuseum.nl\\\/de\\\/datenschutzerklarung\\\/#primaryimage\"},\"image\":{\"@id\":\"https:\\\/\\\/westfriesmuseum.nl\\\/de\\\/datenschutzerklarung\\\/#primaryimage\"},\"thumbnailUrl\":\"https:\\\/\\\/westfriesmuseum.nl\\\/wp-content\\\/uploads\\\/2022\\\/11\\\/image-header-1920x1080-1.jpg\",\"datePublished\":\"2022-11-18T08:06:16+00:00\",\"dateModified\":\"2024-12-31T14:40:42+00:00\",\"description\":\"F\u00fcr die Gemeinde Hoorn und das Westfries Museum ist es wichtig, dass Ihre Daten sorgf\u00e4ltig behandelt werden. In dieser Datenschutzerkl\u00e4rung erkl\u00e4ren wir, wie wir dies tun.\",\"breadcrumb\":{\"@id\":\"https:\\\/\\\/westfriesmuseum.nl\\\/de\\\/datenschutzerklarung\\\/#breadcrumb\"},\"inLanguage\":\"de\",\"potentialAction\":[{\"@type\":\"ReadAction\",\"target\":[\"https:\\\/\\\/westfriesmuseum.nl\\\/de\\\/datenschutzerklarung\\\/\"]}]},{\"@type\":\"ImageObject\",\"inLanguage\":\"de\",\"@id\":\"https:\\\/\\\/westfriesmuseum.nl\\\/de\\\/datenschutzerklarung\\\/#primaryimage\",\"url\":\"https:\\\/\\\/westfriesmuseum.nl\\\/wp-content\\\/uploads\\\/2022\\\/11\\\/image-header-1920x1080-1.jpg\",\"contentUrl\":\"https:\\\/\\\/westfriesmuseum.nl\\\/wp-content\\\/uploads\\\/2022\\\/11\\\/image-header-1920x1080-1.jpg\",\"width\":1920,\"height\":1080,\"caption\":\"Schilderij van Roode Steen met oude stadhuis en Statencollege\"},{\"@type\":\"BreadcrumbList\",\"@id\":\"https:\\\/\\\/westfriesmuseum.nl\\\/de\\\/datenschutzerklarung\\\/#breadcrumb\",\"itemListElement\":[{\"@type\":\"ListItem\",\"position\":1,\"name\":\"Home\",\"item\":\"https:\\\/\\\/westfriesmuseum.nl\\\/de\\\/\"},{\"@type\":\"ListItem\",\"position\":2,\"name\":\"Datenschutzerkl\u00e4rung\"}]},{\"@type\":\"WebSite\",\"@id\":\"https:\\\/\\\/westfriesmuseum.nl\\\/de\\\/#website\",\"url\":\"https:\\\/\\\/westfriesmuseum.nl\\\/de\\\/\",\"name\":\"Westfries Museum\",\"description\":\"Museum dicht, stad open\",\"publisher\":{\"@id\":\"https:\\\/\\\/westfriesmuseum.nl\\\/de\\\/#organization\"},\"potentialAction\":[{\"@type\":\"SearchAction\",\"target\":{\"@type\":\"EntryPoint\",\"urlTemplate\":\"https:\\\/\\\/westfriesmuseum.nl\\\/de\\\/?s={search_term_string}\"},\"query-input\":{\"@type\":\"PropertyValueSpecification\",\"valueRequired\":true,\"valueName\":\"search_term_string\"}}],\"inLanguage\":\"de\"},{\"@type\":\"Organization\",\"@id\":\"https:\\\/\\\/westfriesmuseum.nl\\\/de\\\/#organization\",\"name\":\"Westfries Museum\",\"url\":\"https:\\\/\\\/westfriesmuseum.nl\\\/de\\\/\",\"logo\":{\"@type\":\"ImageObject\",\"inLanguage\":\"de\",\"@id\":\"https:\\\/\\\/westfriesmuseum.nl\\\/de\\\/#\\\/schema\\\/logo\\\/image\\\/\",\"url\":\"https:\\\/\\\/westfriesmuseum.nl\\\/wp-content\\\/uploads\\\/2022\\\/11\\\/logo_westfriesmuseum.png\",\"contentUrl\":\"https:\\\/\\\/westfriesmuseum.nl\\\/wp-content\\\/uploads\\\/2022\\\/11\\\/logo_westfriesmuseum.png\",\"width\":676,\"height\":361,\"caption\":\"Westfries Museum\"},\"image\":{\"@id\":\"https:\\\/\\\/westfriesmuseum.nl\\\/de\\\/#\\\/schema\\\/logo\\\/image\\\/\"},\"sameAs\":[\"https:\\\/\\\/nl-nl.facebook.com\\\/westfriesmuseum\\\/\",\"https:\\\/\\\/x.com\\\/WestfriesMuseum\"]}]}<\/script>\n<!-- \/ Yoast SEO plugin. -->","yoast_head_json":{"title":"Datenschutzerkl\u00e4rung - Westfries Museum","description":"F\u00fcr die Gemeinde Hoorn und das Westfries Museum ist es wichtig, dass Ihre Daten sorgf\u00e4ltig behandelt werden. In dieser Datenschutzerkl\u00e4rung erkl\u00e4ren wir, wie wir dies tun.","robots":{"index":"index","follow":"follow","max-snippet":"max-snippet:-1","max-image-preview":"max-image-preview:large","max-video-preview":"max-video-preview:-1"},"canonical":"https:\/\/westfriesmuseum.nl\/de\/datenschutzerklarung\/","og_locale":"de_DE","og_type":"article","og_title":"Datenschutzerkl\u00e4rung - Westfries Museum","og_description":"F\u00fcr die Gemeinde Hoorn und das Westfries Museum ist es wichtig, dass Ihre Daten sorgf\u00e4ltig behandelt werden. In dieser Datenschutzerkl\u00e4rung erkl\u00e4ren wir, wie wir dies tun.","og_url":"https:\/\/westfriesmuseum.nl\/de\/datenschutzerklarung\/","og_site_name":"Westfries Museum","article_publisher":"https:\/\/nl-nl.facebook.com\/westfriesmuseum\/","article_modified_time":"2024-12-31T14:40:42+00:00","og_image":[{"width":1920,"height":1080,"url":"https:\/\/westfriesmuseum.nl\/wp-content\/uploads\/2022\/11\/image-header-1920x1080-1.jpg","type":"image\/jpeg"}],"twitter_card":"summary_large_image","twitter_site":"@WestfriesMuseum","twitter_misc":{"Est. reading time":"5\u00a0Minute"},"schema":{"@context":"https:\/\/schema.org","@graph":[{"@type":"WebPage","@id":"https:\/\/westfriesmuseum.nl\/de\/datenschutzerklarung\/","url":"https:\/\/westfriesmuseum.nl\/de\/datenschutzerklarung\/","name":"Datenschutzerkl\u00e4rung - Westfries Museum","isPartOf":{"@id":"https:\/\/westfriesmuseum.nl\/de\/#website"},"primaryImageOfPage":{"@id":"https:\/\/westfriesmuseum.nl\/de\/datenschutzerklarung\/#primaryimage"},"image":{"@id":"https:\/\/westfriesmuseum.nl\/de\/datenschutzerklarung\/#primaryimage"},"thumbnailUrl":"https:\/\/westfriesmuseum.nl\/wp-content\/uploads\/2022\/11\/image-header-1920x1080-1.jpg","datePublished":"2022-11-18T08:06:16+00:00","dateModified":"2024-12-31T14:40:42+00:00","description":"F\u00fcr die Gemeinde Hoorn und das Westfries Museum ist es wichtig, dass Ihre Daten sorgf\u00e4ltig behandelt werden. In dieser Datenschutzerkl\u00e4rung erkl\u00e4ren wir, wie wir dies tun.","breadcrumb":{"@id":"https:\/\/westfriesmuseum.nl\/de\/datenschutzerklarung\/#breadcrumb"},"inLanguage":"de","potentialAction":[{"@type":"ReadAction","target":["https:\/\/westfriesmuseum.nl\/de\/datenschutzerklarung\/"]}]},{"@type":"ImageObject","inLanguage":"de","@id":"https:\/\/westfriesmuseum.nl\/de\/datenschutzerklarung\/#primaryimage","url":"https:\/\/westfriesmuseum.nl\/wp-content\/uploads\/2022\/11\/image-header-1920x1080-1.jpg","contentUrl":"https:\/\/westfriesmuseum.nl\/wp-content\/uploads\/2022\/11\/image-header-1920x1080-1.jpg","width":1920,"height":1080,"caption":"Schilderij van Roode Steen met oude stadhuis en Statencollege"},{"@type":"BreadcrumbList","@id":"https:\/\/westfriesmuseum.nl\/de\/datenschutzerklarung\/#breadcrumb","itemListElement":[{"@type":"ListItem","position":1,"name":"Home","item":"https:\/\/westfriesmuseum.nl\/de\/"},{"@type":"ListItem","position":2,"name":"Datenschutzerkl\u00e4rung"}]},{"@type":"WebSite","@id":"https:\/\/westfriesmuseum.nl\/de\/#website","url":"https:\/\/westfriesmuseum.nl\/de\/","name":"Westfries Museum","description":"Museum dicht, stad open","publisher":{"@id":"https:\/\/westfriesmuseum.nl\/de\/#organization"},"potentialAction":[{"@type":"SearchAction","target":{"@type":"EntryPoint","urlTemplate":"https:\/\/westfriesmuseum.nl\/de\/?s={search_term_string}"},"query-input":{"@type":"PropertyValueSpecification","valueRequired":true,"valueName":"search_term_string"}}],"inLanguage":"de"},{"@type":"Organization","@id":"https:\/\/westfriesmuseum.nl\/de\/#organization","name":"Westfries Museum","url":"https:\/\/westfriesmuseum.nl\/de\/","logo":{"@type":"ImageObject","inLanguage":"de","@id":"https:\/\/westfriesmuseum.nl\/de\/#\/schema\/logo\/image\/","url":"https:\/\/westfriesmuseum.nl\/wp-content\/uploads\/2022\/11\/logo_westfriesmuseum.png","contentUrl":"https:\/\/westfriesmuseum.nl\/wp-content\/uploads\/2022\/11\/logo_westfriesmuseum.png","width":676,"height":361,"caption":"Westfries Museum"},"image":{"@id":"https:\/\/westfriesmuseum.nl\/de\/#\/schema\/logo\/image\/"},"sameAs":["https:\/\/nl-nl.facebook.com\/westfriesmuseum\/","https:\/\/x.com\/WestfriesMuseum"]}]}},"_links":{"self":[{"href":"https:\/\/westfriesmuseum.nl\/de\/wp-json\/wp\/v2\/pages\/930","targetHints":{"allow":["GET"]}}],"collection":[{"href":"https:\/\/westfriesmuseum.nl\/de\/wp-json\/wp\/v2\/pages"}],"about":[{"href":"https:\/\/westfriesmuseum.nl\/de\/wp-json\/wp\/v2\/types\/page"}],"author":[{"embeddable":true,"href":"https:\/\/westfriesmuseum.nl\/de\/wp-json\/wp\/v2\/users\/1"}],"replies":[{"embeddable":true,"href":"https:\/\/westfriesmuseum.nl\/de\/wp-json\/wp\/v2\/comments?post=930"}],"version-history":[{"count":0,"href":"https:\/\/westfriesmuseum.nl\/de\/wp-json\/wp\/v2\/pages\/930\/revisions"}],"wp:featuredmedia":[{"embeddable":true,"href":"https:\/\/westfriesmuseum.nl\/de\/wp-json\/wp\/v2\/media\/127"}],"wp:attachment":[{"href":"https:\/\/westfriesmuseum.nl\/de\/wp-json\/wp\/v2\/media?parent=930"}],"curies":[{"name":"wp","href":"https:\/\/api.w.org\/{rel}","templated":true}]}}