{"id":925,"date":"2022-11-18T09:06:32","date_gmt":"2022-11-18T08:06:32","guid":{"rendered":"http:\/\/westfriesmuseumnl.test\/algemene-voorwaarden\/"},"modified":"2025-01-02T14:33:43","modified_gmt":"2025-01-02T13:33:43","slug":"cookie-richtlinie","status":"publish","type":"page","link":"https:\/\/westfriesmuseum.nl\/de\/cookie-richtlinie\/","title":{"rendered":"Cookie-Richtlinie"},"content":{"rendered":"\n<h2 class=\"wp-block-heading\"><strong>Cookies auf der Website<\/strong><\/h2>\n\n\n\n<p>Unsere Website <a href=\"http:\/\/www.westfriesmuseum.nl\">www.westfriesmuseum.nl<\/a> verwendet die folgenden Cookies und Funktionalit\u00e4ten. In unserer Datenschutzerkl\u00e4rung finden Sie weitere Informationen dar\u00fcber, wer wir sind, wie Sie uns kontaktieren k\u00f6nnen und wie wir personenbezogene Daten verarbeiten.<\/p>\n\n\n\n<h2 class=\"wp-block-heading\"><strong>Cookie-Einstellungen<\/strong><\/h2>\n\n\n\n<p>Diese Website funktioniert am besten mit Cookies. Indem Sie unsere Cookies akzeptieren, erhalten Sie die besten Suchergebnisse.<\/p>\n\n\n\n<h3 class=\"wp-block-heading\"><strong>Was ist ein Cookie?<\/strong><\/h3>\n\n\n\n<p>Ein Cookie ist eine kleine Textdatei, die vor\u00fcbergehend auf Ihrer Festplatte gespeichert wird. Mithilfe eines Cookies kann unsere Website Sie erkennen, wenn Sie sie erneut besuchen. Die Website kann dann speziell auf Ihre Bed\u00fcrfnisse abgestimmt werden, indem bestimmte Einstellungen gespeichert werden. Cookies enthalten eine (einzigartige) Nummer.<\/p>\n\n\n\n<h3 class=\"wp-block-heading\"><strong>Verwendete Cookies<\/strong><\/h3>\n\n\n\n<p>M\u00f6chten Sie mehr \u00fcber die von uns verwendeten Cookies und Funktionalit\u00e4ten erfahren? Sehen Sie sich die \u00dcbersicht der verwendeten Cookies am Ende dieser Seite an. Wir verwenden notwendige Cookies, Pr\u00e4ferenz-Cookies und analytische Cookies.<\/p>\n\n\n\n<h2 class=\"wp-block-heading\">Notwendige Cookies<\/h2>\n\n\n\n<p>Dies sind funktionale Cookies, die f\u00fcr das ordnungsgem\u00e4\u00dfe Funktionieren der Website erforderlich sind. Sie k\u00f6nnen diese Cookies nicht \u00fcber die Cookie-Einstellungen der Website deaktivieren. M\u00f6chten Sie diese dennoch deaktivieren? Dies k\u00f6nnen Sie in Ihren Browsereinstellungen tun. Wenn Sie diese Cookies ablehnen, kann es sein, dass die Website nicht ordnungsgem\u00e4\u00df funktioniert.<\/p>\n\n\n\n<h2 class=\"wp-block-heading\"><strong>Pr\u00e4ferenzen<\/strong><\/h2>\n\n\n\n<p>Mit diesen Cookies k\u00f6nnen wir Ihre Pr\u00e4ferenzen auf unserer Website speichern, z. B. die von Ihnen gew\u00e4hlte Sprache. Diese sind ebenfalls funktionale Cookies.<\/p>\n\n\n\n<h2 class=\"wp-block-heading\"><strong>Analytische Cookies<\/strong><\/h2>\n\n\n\n<p>Diese Cookies erfassen die Nutzung der Website, sodass wir diese kontinuierlich verbessern k\u00f6nnen.<br>Dabei werden auch IP-Adressen der Besucher verwendet und Klickpfade analysiert. Der letzte Teil der IP-Adressen wird entfernt, sodass die IP-Adresse nicht mit einem Nutzeranschluss in Verbindung gebracht werden kann. Diese Daten werden nicht an Dritte weitergegeben und ausschlie\u00dflich zur Analyse und Verbesserung der Website verwendet.<\/p>\n\n\n\n<p>Diese Cookies sind standardm\u00e4\u00dfig aktiviert, da wir ein berechtigtes Interesse an deren Verwendung haben und sie nur minimal in Ihre Privatsph\u00e4re eingreifen. Sie k\u00f6nnen diese Cookies jedoch deaktivieren, indem Sie die Cookie-Einstellungen auf der Website anpassen.<\/p>\n\n\n\n<h2 class=\"wp-block-heading\"><strong>M\u00f6chten Sie Ihre Einstellungen \u00e4ndern?<\/strong><\/h2>\n\n\n\n<p>Gehen Sie zu den Cookie-Einstellungen unten, um Ihre Zustimmung zu \u00e4ndern.<\/p>\n\n\n\n<h2 class=\"wp-block-heading\"><strong>Cookies auf der Website<\/strong><\/h2>\n\n\n\n<p>Unsere Website <a href=\"http:\/\/www.westfriesmuseum.nl\">www.westfriesmuseum.nl<\/a> nutzt die folgenden Cookies und Funktionalit\u00e4ten.<\/p>\n\n\n\n<script id=\"CookieDeclaration\" src=\"https:\/\/consent.cookiebot.com\/39eb158a-a878-46af-85c6-ce7750805f45\/cd.js\" type=\"text\/javascript\" async data-culture=\"DE\"><\/script>\n","protected":false},"excerpt":{"rendered":"<p>Cookies auf der Website Unsere Website www.westfriesmuseum.nl verwendet die folgenden Cookies und Funktionalit\u00e4ten. In unserer Datenschutzerkl\u00e4rung finden Sie weitere Informationen dar\u00fcber, wer wir sind, wie Sie uns kontaktieren k\u00f6nnen und wie wir personenbezogene Daten verarbeiten. Cookie-Einstellungen Diese Website funktioniert am besten mit Cookies. Indem Sie unsere Cookies akzeptieren, erhalten Sie die besten Suchergebnisse. Was ist<a class=\"excerpt-read-more\" href=\"https:\/\/westfriesmuseum.nl\/de\/cookie-richtlinie\/\" title=\"WeiterlesenCookie-Richtlinie\">.. Weiterlesen \u00bb<\/a><\/p>\n","protected":false},"author":1,"featured_media":127,"parent":0,"menu_order":0,"comment_status":"closed","ping_status":"closed","template":"page-templates\/header-small.php","meta":{"_acf_changed":false,"footnotes":""},"class_list":["post-925","page","type-page","status-publish","has-post-thumbnail","hentry"],"acf":[],"yoast_head":"<!-- This site is optimized with the Yoast SEO plugin v27.4 - https:\/\/yoast.com\/product\/yoast-seo-wordpress\/ -->\n<title>Cookie-Richtlinie - Westfries Museum<\/title>\n<meta name=\"description\" content=\"Um Ihnen das bestm\u00f6gliche Erlebnis beim Besuch unserer Website zu bieten, verwenden wir Cookies. Lesen Sie mehr \u00fcber unsere Cookie-Richtlinie.\" \/>\n<meta name=\"robots\" content=\"index, follow, max-snippet:-1, max-image-preview:large, max-video-preview:-1\" \/>\n<link rel=\"canonical\" href=\"https:\/\/westfriesmuseum.nl\/de\/cookie-richtlinie\/\" \/>\n<meta property=\"og:locale\" content=\"de_DE\" \/>\n<meta property=\"og:type\" content=\"article\" \/>\n<meta property=\"og:title\" content=\"Cookie-Richtlinie - Westfries Museum\" \/>\n<meta property=\"og:description\" content=\"Um Ihnen das bestm\u00f6gliche Erlebnis beim Besuch unserer Website zu bieten, verwenden wir Cookies. Lesen Sie mehr \u00fcber unsere Cookie-Richtlinie.\" \/>\n<meta property=\"og:url\" content=\"https:\/\/westfriesmuseum.nl\/de\/cookie-richtlinie\/\" \/>\n<meta property=\"og:site_name\" content=\"Westfries Museum\" \/>\n<meta property=\"article:publisher\" content=\"https:\/\/nl-nl.facebook.com\/westfriesmuseum\/\" \/>\n<meta property=\"article:modified_time\" content=\"2025-01-02T13:33:43+00:00\" \/>\n<meta property=\"og:image\" content=\"https:\/\/westfriesmuseum.nl\/wp-content\/uploads\/2022\/11\/image-header-1920x1080-1.jpg\" \/>\n\t<meta property=\"og:image:width\" content=\"1920\" \/>\n\t<meta property=\"og:image:height\" content=\"1080\" \/>\n\t<meta property=\"og:image:type\" content=\"image\/jpeg\" \/>\n<meta name=\"twitter:card\" content=\"summary_large_image\" \/>\n<meta name=\"twitter:site\" content=\"@WestfriesMuseum\" \/>\n<meta name=\"twitter:label1\" content=\"Est. reading time\" \/>\n\t<meta name=\"twitter:data1\" content=\"2\u00a0Minute\" \/>\n<script type=\"application\/ld+json\" class=\"yoast-schema-graph\">{\"@context\":\"https:\\\/\\\/schema.org\",\"@graph\":[{\"@type\":\"WebPage\",\"@id\":\"https:\\\/\\\/westfriesmuseum.nl\\\/de\\\/cookie-richtlinie\\\/\",\"url\":\"https:\\\/\\\/westfriesmuseum.nl\\\/de\\\/cookie-richtlinie\\\/\",\"name\":\"Cookie-Richtlinie - Westfries Museum\",\"isPartOf\":{\"@id\":\"https:\\\/\\\/westfriesmuseum.nl\\\/de\\\/#website\"},\"primaryImageOfPage\":{\"@id\":\"https:\\\/\\\/westfriesmuseum.nl\\\/de\\\/cookie-richtlinie\\\/#primaryimage\"},\"image\":{\"@id\":\"https:\\\/\\\/westfriesmuseum.nl\\\/de\\\/cookie-richtlinie\\\/#primaryimage\"},\"thumbnailUrl\":\"https:\\\/\\\/westfriesmuseum.nl\\\/wp-content\\\/uploads\\\/2022\\\/11\\\/image-header-1920x1080-1.jpg\",\"datePublished\":\"2022-11-18T08:06:32+00:00\",\"dateModified\":\"2025-01-02T13:33:43+00:00\",\"description\":\"Um Ihnen das bestm\u00f6gliche Erlebnis beim Besuch unserer Website zu bieten, verwenden wir Cookies. Lesen Sie mehr \u00fcber unsere Cookie-Richtlinie.\",\"breadcrumb\":{\"@id\":\"https:\\\/\\\/westfriesmuseum.nl\\\/de\\\/cookie-richtlinie\\\/#breadcrumb\"},\"inLanguage\":\"de\",\"potentialAction\":[{\"@type\":\"ReadAction\",\"target\":[\"https:\\\/\\\/westfriesmuseum.nl\\\/de\\\/cookie-richtlinie\\\/\"]}]},{\"@type\":\"ImageObject\",\"inLanguage\":\"de\",\"@id\":\"https:\\\/\\\/westfriesmuseum.nl\\\/de\\\/cookie-richtlinie\\\/#primaryimage\",\"url\":\"https:\\\/\\\/westfriesmuseum.nl\\\/wp-content\\\/uploads\\\/2022\\\/11\\\/image-header-1920x1080-1.jpg\",\"contentUrl\":\"https:\\\/\\\/westfriesmuseum.nl\\\/wp-content\\\/uploads\\\/2022\\\/11\\\/image-header-1920x1080-1.jpg\",\"width\":1920,\"height\":1080,\"caption\":\"Schilderij van Roode Steen met oude stadhuis en Statencollege\"},{\"@type\":\"BreadcrumbList\",\"@id\":\"https:\\\/\\\/westfriesmuseum.nl\\\/de\\\/cookie-richtlinie\\\/#breadcrumb\",\"itemListElement\":[{\"@type\":\"ListItem\",\"position\":1,\"name\":\"Home\",\"item\":\"https:\\\/\\\/westfriesmuseum.nl\\\/de\\\/\"},{\"@type\":\"ListItem\",\"position\":2,\"name\":\"Cookie-Richtlinie\"}]},{\"@type\":\"WebSite\",\"@id\":\"https:\\\/\\\/westfriesmuseum.nl\\\/de\\\/#website\",\"url\":\"https:\\\/\\\/westfriesmuseum.nl\\\/de\\\/\",\"name\":\"Westfries Museum\",\"description\":\"Museum dicht, stad open\",\"publisher\":{\"@id\":\"https:\\\/\\\/westfriesmuseum.nl\\\/de\\\/#organization\"},\"potentialAction\":[{\"@type\":\"SearchAction\",\"target\":{\"@type\":\"EntryPoint\",\"urlTemplate\":\"https:\\\/\\\/westfriesmuseum.nl\\\/de\\\/?s={search_term_string}\"},\"query-input\":{\"@type\":\"PropertyValueSpecification\",\"valueRequired\":true,\"valueName\":\"search_term_string\"}}],\"inLanguage\":\"de\"},{\"@type\":\"Organization\",\"@id\":\"https:\\\/\\\/westfriesmuseum.nl\\\/de\\\/#organization\",\"name\":\"Westfries Museum\",\"url\":\"https:\\\/\\\/westfriesmuseum.nl\\\/de\\\/\",\"logo\":{\"@type\":\"ImageObject\",\"inLanguage\":\"de\",\"@id\":\"https:\\\/\\\/westfriesmuseum.nl\\\/de\\\/#\\\/schema\\\/logo\\\/image\\\/\",\"url\":\"https:\\\/\\\/westfriesmuseum.nl\\\/wp-content\\\/uploads\\\/2022\\\/11\\\/logo_westfriesmuseum.png\",\"contentUrl\":\"https:\\\/\\\/westfriesmuseum.nl\\\/wp-content\\\/uploads\\\/2022\\\/11\\\/logo_westfriesmuseum.png\",\"width\":676,\"height\":361,\"caption\":\"Westfries Museum\"},\"image\":{\"@id\":\"https:\\\/\\\/westfriesmuseum.nl\\\/de\\\/#\\\/schema\\\/logo\\\/image\\\/\"},\"sameAs\":[\"https:\\\/\\\/nl-nl.facebook.com\\\/westfriesmuseum\\\/\",\"https:\\\/\\\/x.com\\\/WestfriesMuseum\"]}]}<\/script>\n<!-- \/ Yoast SEO plugin. -->","yoast_head_json":{"title":"Cookie-Richtlinie - Westfries Museum","description":"Um Ihnen das bestm\u00f6gliche Erlebnis beim Besuch unserer Website zu bieten, verwenden wir Cookies. Lesen Sie mehr \u00fcber unsere Cookie-Richtlinie.","robots":{"index":"index","follow":"follow","max-snippet":"max-snippet:-1","max-image-preview":"max-image-preview:large","max-video-preview":"max-video-preview:-1"},"canonical":"https:\/\/westfriesmuseum.nl\/de\/cookie-richtlinie\/","og_locale":"de_DE","og_type":"article","og_title":"Cookie-Richtlinie - Westfries Museum","og_description":"Um Ihnen das bestm\u00f6gliche Erlebnis beim Besuch unserer Website zu bieten, verwenden wir Cookies. Lesen Sie mehr \u00fcber unsere Cookie-Richtlinie.","og_url":"https:\/\/westfriesmuseum.nl\/de\/cookie-richtlinie\/","og_site_name":"Westfries Museum","article_publisher":"https:\/\/nl-nl.facebook.com\/westfriesmuseum\/","article_modified_time":"2025-01-02T13:33:43+00:00","og_image":[{"width":1920,"height":1080,"url":"https:\/\/westfriesmuseum.nl\/wp-content\/uploads\/2022\/11\/image-header-1920x1080-1.jpg","type":"image\/jpeg"}],"twitter_card":"summary_large_image","twitter_site":"@WestfriesMuseum","twitter_misc":{"Est. reading time":"2\u00a0Minute"},"schema":{"@context":"https:\/\/schema.org","@graph":[{"@type":"WebPage","@id":"https:\/\/westfriesmuseum.nl\/de\/cookie-richtlinie\/","url":"https:\/\/westfriesmuseum.nl\/de\/cookie-richtlinie\/","name":"Cookie-Richtlinie - Westfries Museum","isPartOf":{"@id":"https:\/\/westfriesmuseum.nl\/de\/#website"},"primaryImageOfPage":{"@id":"https:\/\/westfriesmuseum.nl\/de\/cookie-richtlinie\/#primaryimage"},"image":{"@id":"https:\/\/westfriesmuseum.nl\/de\/cookie-richtlinie\/#primaryimage"},"thumbnailUrl":"https:\/\/westfriesmuseum.nl\/wp-content\/uploads\/2022\/11\/image-header-1920x1080-1.jpg","datePublished":"2022-11-18T08:06:32+00:00","dateModified":"2025-01-02T13:33:43+00:00","description":"Um Ihnen das bestm\u00f6gliche Erlebnis beim Besuch unserer Website zu bieten, verwenden wir Cookies. Lesen Sie mehr \u00fcber unsere Cookie-Richtlinie.","breadcrumb":{"@id":"https:\/\/westfriesmuseum.nl\/de\/cookie-richtlinie\/#breadcrumb"},"inLanguage":"de","potentialAction":[{"@type":"ReadAction","target":["https:\/\/westfriesmuseum.nl\/de\/cookie-richtlinie\/"]}]},{"@type":"ImageObject","inLanguage":"de","@id":"https:\/\/westfriesmuseum.nl\/de\/cookie-richtlinie\/#primaryimage","url":"https:\/\/westfriesmuseum.nl\/wp-content\/uploads\/2022\/11\/image-header-1920x1080-1.jpg","contentUrl":"https:\/\/westfriesmuseum.nl\/wp-content\/uploads\/2022\/11\/image-header-1920x1080-1.jpg","width":1920,"height":1080,"caption":"Schilderij van Roode Steen met oude stadhuis en Statencollege"},{"@type":"BreadcrumbList","@id":"https:\/\/westfriesmuseum.nl\/de\/cookie-richtlinie\/#breadcrumb","itemListElement":[{"@type":"ListItem","position":1,"name":"Home","item":"https:\/\/westfriesmuseum.nl\/de\/"},{"@type":"ListItem","position":2,"name":"Cookie-Richtlinie"}]},{"@type":"WebSite","@id":"https:\/\/westfriesmuseum.nl\/de\/#website","url":"https:\/\/westfriesmuseum.nl\/de\/","name":"Westfries Museum","description":"Museum dicht, stad open","publisher":{"@id":"https:\/\/westfriesmuseum.nl\/de\/#organization"},"potentialAction":[{"@type":"SearchAction","target":{"@type":"EntryPoint","urlTemplate":"https:\/\/westfriesmuseum.nl\/de\/?s={search_term_string}"},"query-input":{"@type":"PropertyValueSpecification","valueRequired":true,"valueName":"search_term_string"}}],"inLanguage":"de"},{"@type":"Organization","@id":"https:\/\/westfriesmuseum.nl\/de\/#organization","name":"Westfries Museum","url":"https:\/\/westfriesmuseum.nl\/de\/","logo":{"@type":"ImageObject","inLanguage":"de","@id":"https:\/\/westfriesmuseum.nl\/de\/#\/schema\/logo\/image\/","url":"https:\/\/westfriesmuseum.nl\/wp-content\/uploads\/2022\/11\/logo_westfriesmuseum.png","contentUrl":"https:\/\/westfriesmuseum.nl\/wp-content\/uploads\/2022\/11\/logo_westfriesmuseum.png","width":676,"height":361,"caption":"Westfries Museum"},"image":{"@id":"https:\/\/westfriesmuseum.nl\/de\/#\/schema\/logo\/image\/"},"sameAs":["https:\/\/nl-nl.facebook.com\/westfriesmuseum\/","https:\/\/x.com\/WestfriesMuseum"]}]}},"_links":{"self":[{"href":"https:\/\/westfriesmuseum.nl\/de\/wp-json\/wp\/v2\/pages\/925","targetHints":{"allow":["GET"]}}],"collection":[{"href":"https:\/\/westfriesmuseum.nl\/de\/wp-json\/wp\/v2\/pages"}],"about":[{"href":"https:\/\/westfriesmuseum.nl\/de\/wp-json\/wp\/v2\/types\/page"}],"author":[{"embeddable":true,"href":"https:\/\/westfriesmuseum.nl\/de\/wp-json\/wp\/v2\/users\/1"}],"replies":[{"embeddable":true,"href":"https:\/\/westfriesmuseum.nl\/de\/wp-json\/wp\/v2\/comments?post=925"}],"version-history":[{"count":0,"href":"https:\/\/westfriesmuseum.nl\/de\/wp-json\/wp\/v2\/pages\/925\/revisions"}],"wp:featuredmedia":[{"embeddable":true,"href":"https:\/\/westfriesmuseum.nl\/de\/wp-json\/wp\/v2\/media\/127"}],"wp:attachment":[{"href":"https:\/\/westfriesmuseum.nl\/de\/wp-json\/wp\/v2\/media?parent=925"}],"curies":[{"name":"wp","href":"https:\/\/api.w.org\/{rel}","templated":true}]}}