{"id":907,"date":"2022-12-09T11:06:15","date_gmt":"2022-12-09T10:06:15","guid":{"rendered":"http:\/\/westfriesmuseumnl.test\/default-smalle-header-eng\/"},"modified":"2024-07-18T11:27:29","modified_gmt":"2024-07-18T09:27:29","slug":"entdecken-die-geschichte-hoorns-podwalks","status":"publish","type":"page","link":"https:\/\/westfriesmuseum.nl\/de\/entdecken-die-geschichte-hoorns-podwalks\/","title":{"rendered":"Entdecken Sie die Geschichte Hoorns Podwalks"},"content":{"rendered":"\n<h3 class=\"wp-block-heading\"><\/h3>\n\n\n\n<p><\/p>\n\n\n\n<script>(function (v, i, z, g, u, p, o, r, t, a, l, s) {\n        const params = new URLSearchParams(window.location.search);\n        const requestId = params.get(\"requestId\");\n        const eventId = params.get(\"eventId\");\n        const schoolClassEventId = params.get(\"schoolClassEventId\");\n        const requestEventId = params.get(\"requestEventId\");\n        const requestLocationRentEventId = params.get(\"requestLocationRentEventId\");\n        const payId = params.get(\"payId\");\n        const sorting = (o && o.length) ? encodeURIComponent(JSON.stringify({t: \"CATEGORY\", v: o})) : null;\n        var script = i.createElement('script');\n        script.async = true;\n        script.src = u + '?pId=' + r + '&e=' + z + '&o=' + g +\n          (requestId ? '&r=' + requestId : '') +\n          (eventId ? '&id=' + eventId : '') +\n          (payId ? '&p=' + payId : '') +\n          (p ? '&css=' + p : '') +\n          (sorting ? \"&s=\" + sorting : '') +\n          (t ? '&la=' + t : '') +\n          (schoolClassEventId ? \"&scId=\" + schoolClassEventId : '') +\n          (requestEventId ? \"&rId=\" + requestEventId : '') +\n          (requestLocationRentEventId ? \"&rlrId=\" + requestLocationRentEventId : '') +\n          (a ? \"&vId=\" + a : '') +\n          (l ? \"&id=\" + l : '') +\n          (s ? \"&so=\" + s : '')\n        i.getElementsByTagName('head')[0].appendChild(script);\n      })(\n        window,\n        document,\n        'nviz',\n        '03356251-bd95-4bd7-8b2e-3fd6bdc4db40',\n        'https:\/\/portal.vizgu.com\/vizgu.js',\n        'west.css',\n        null,\n        null,\n        \"de\", \/\/ language to switch use nl or de\n        null, \/\/ venue,\n        null, \/\/ event ID\n        'products' \/\/ possible csv products,events,donations,memberships\n      );<\/script>\n<div id=\"nviz\"><\/div>\n\n\n\n<br>\n\n\n\n<p>M\u00f6chten Sie es lieber mit der Multimedia-Show (15 Min.) kombinieren? <a href=\"https:\/\/westfriesmuseum.nl\/de\/tickets\/\">Buchen Sie hier Ihr(e) Ticket(s) f\u00fcr die Show<\/a> (einschlie\u00dflich beider Podwalks).<\/p>\n","protected":false},"excerpt":{"rendered":"<p>M\u00f6chten Sie es lieber mit der Multimedia-Show (15 Min.) kombinieren? Buchen Sie hier Ihr(e) Ticket(s) f\u00fcr die Show (einschlie\u00dflich beider Podwalks).<\/p>\n","protected":false},"author":1,"featured_media":3035,"parent":0,"menu_order":0,"comment_status":"closed","ping_status":"closed","template":"page-templates\/header-small.php","meta":{"_acf_changed":false,"footnotes":""},"class_list":["post-907","page","type-page","status-publish","has-post-thumbnail","hentry"],"acf":[],"yoast_head":"<!-- This site is optimized with the Yoast SEO plugin v27.3 - https:\/\/yoast.com\/product\/yoast-seo-wordpress\/ -->\n<title>Entdecken Sie die Geschichte Hoorns Podwalks - Westfries Museum<\/title>\n<meta name=\"description\" content=\"Entdecken Sie die Geschichte Hoorns mit zwei Podwalks. Lassen Sie sich von all den Geschichten inspirieren, die diese stadt zu bieten hat.\" \/>\n<meta name=\"robots\" content=\"index, follow, max-snippet:-1, max-image-preview:large, max-video-preview:-1\" \/>\n<link rel=\"canonical\" href=\"https:\/\/westfriesmuseum.nl\/de\/entdecken-die-geschichte-hoorns-podwalks\/\" \/>\n<meta property=\"og:locale\" content=\"de_DE\" \/>\n<meta property=\"og:type\" content=\"article\" \/>\n<meta property=\"og:title\" content=\"Entdecken Sie die Geschichte Hoorns Podwalks - Westfries Museum\" \/>\n<meta property=\"og:description\" content=\"Entdecken Sie die Geschichte Hoorns mit zwei Podwalks. Lassen Sie sich von all den Geschichten inspirieren, die diese stadt zu bieten hat.\" \/>\n<meta property=\"og:url\" content=\"https:\/\/westfriesmuseum.nl\/de\/entdecken-die-geschichte-hoorns-podwalks\/\" \/>\n<meta property=\"og:site_name\" content=\"Westfries Museum\" \/>\n<meta property=\"article:publisher\" content=\"https:\/\/nl-nl.facebook.com\/westfriesmuseum\/\" \/>\n<meta property=\"article:modified_time\" content=\"2024-07-18T09:27:29+00:00\" \/>\n<meta property=\"og:image\" content=\"https:\/\/westfriesmuseum.nl\/wp-content\/uploads\/2023\/07\/Persoon-bekijkt-podwalk.jpg\" \/>\n\t<meta property=\"og:image:width\" content=\"1920\" \/>\n\t<meta property=\"og:image:height\" content=\"1080\" \/>\n\t<meta property=\"og:image:type\" content=\"image\/jpeg\" \/>\n<meta name=\"twitter:card\" content=\"summary_large_image\" \/>\n<meta name=\"twitter:site\" content=\"@WestfriesMuseum\" \/>\n<meta name=\"twitter:label1\" content=\"Est. reading time\" \/>\n\t<meta name=\"twitter:data1\" content=\"1\u00a0Minute\" \/>\n<script type=\"application\/ld+json\" class=\"yoast-schema-graph\">{\"@context\":\"https:\\\/\\\/schema.org\",\"@graph\":[{\"@type\":\"WebPage\",\"@id\":\"https:\\\/\\\/westfriesmuseum.nl\\\/de\\\/entdecken-die-geschichte-hoorns-podwalks\\\/\",\"url\":\"https:\\\/\\\/westfriesmuseum.nl\\\/de\\\/entdecken-die-geschichte-hoorns-podwalks\\\/\",\"name\":\"Entdecken Sie die Geschichte Hoorns Podwalks - Westfries Museum\",\"isPartOf\":{\"@id\":\"https:\\\/\\\/westfriesmuseum.nl\\\/de\\\/#website\"},\"primaryImageOfPage\":{\"@id\":\"https:\\\/\\\/westfriesmuseum.nl\\\/de\\\/entdecken-die-geschichte-hoorns-podwalks\\\/#primaryimage\"},\"image\":{\"@id\":\"https:\\\/\\\/westfriesmuseum.nl\\\/de\\\/entdecken-die-geschichte-hoorns-podwalks\\\/#primaryimage\"},\"thumbnailUrl\":\"https:\\\/\\\/westfriesmuseum.nl\\\/wp-content\\\/uploads\\\/2023\\\/07\\\/Persoon-bekijkt-podwalk.jpg\",\"datePublished\":\"2022-12-09T10:06:15+00:00\",\"dateModified\":\"2024-07-18T09:27:29+00:00\",\"description\":\"Entdecken Sie die Geschichte Hoorns mit zwei Podwalks. Lassen Sie sich von all den Geschichten inspirieren, die diese stadt zu bieten hat.\",\"breadcrumb\":{\"@id\":\"https:\\\/\\\/westfriesmuseum.nl\\\/de\\\/entdecken-die-geschichte-hoorns-podwalks\\\/#breadcrumb\"},\"inLanguage\":\"de\",\"potentialAction\":[{\"@type\":\"ReadAction\",\"target\":[\"https:\\\/\\\/westfriesmuseum.nl\\\/de\\\/entdecken-die-geschichte-hoorns-podwalks\\\/\"]}]},{\"@type\":\"ImageObject\",\"inLanguage\":\"de\",\"@id\":\"https:\\\/\\\/westfriesmuseum.nl\\\/de\\\/entdecken-die-geschichte-hoorns-podwalks\\\/#primaryimage\",\"url\":\"https:\\\/\\\/westfriesmuseum.nl\\\/wp-content\\\/uploads\\\/2023\\\/07\\\/Persoon-bekijkt-podwalk.jpg\",\"contentUrl\":\"https:\\\/\\\/westfriesmuseum.nl\\\/wp-content\\\/uploads\\\/2023\\\/07\\\/Persoon-bekijkt-podwalk.jpg\",\"width\":1920,\"height\":1080,\"caption\":\"Persoon bekijkt podwalk\"},{\"@type\":\"BreadcrumbList\",\"@id\":\"https:\\\/\\\/westfriesmuseum.nl\\\/de\\\/entdecken-die-geschichte-hoorns-podwalks\\\/#breadcrumb\",\"itemListElement\":[{\"@type\":\"ListItem\",\"position\":1,\"name\":\"Home\",\"item\":\"https:\\\/\\\/westfriesmuseum.nl\\\/de\\\/\"},{\"@type\":\"ListItem\",\"position\":2,\"name\":\"Entdecken Sie die Geschichte Hoorns Podwalks\"}]},{\"@type\":\"WebSite\",\"@id\":\"https:\\\/\\\/westfriesmuseum.nl\\\/de\\\/#website\",\"url\":\"https:\\\/\\\/westfriesmuseum.nl\\\/de\\\/\",\"name\":\"Westfries Museum\",\"description\":\"Museum dicht, stad open\",\"publisher\":{\"@id\":\"https:\\\/\\\/westfriesmuseum.nl\\\/de\\\/#organization\"},\"potentialAction\":[{\"@type\":\"SearchAction\",\"target\":{\"@type\":\"EntryPoint\",\"urlTemplate\":\"https:\\\/\\\/westfriesmuseum.nl\\\/de\\\/?s={search_term_string}\"},\"query-input\":{\"@type\":\"PropertyValueSpecification\",\"valueRequired\":true,\"valueName\":\"search_term_string\"}}],\"inLanguage\":\"de\"},{\"@type\":\"Organization\",\"@id\":\"https:\\\/\\\/westfriesmuseum.nl\\\/de\\\/#organization\",\"name\":\"Westfries Museum\",\"url\":\"https:\\\/\\\/westfriesmuseum.nl\\\/de\\\/\",\"logo\":{\"@type\":\"ImageObject\",\"inLanguage\":\"de\",\"@id\":\"https:\\\/\\\/westfriesmuseum.nl\\\/de\\\/#\\\/schema\\\/logo\\\/image\\\/\",\"url\":\"https:\\\/\\\/westfriesmuseum.nl\\\/wp-content\\\/uploads\\\/2022\\\/11\\\/logo_westfriesmuseum.png\",\"contentUrl\":\"https:\\\/\\\/westfriesmuseum.nl\\\/wp-content\\\/uploads\\\/2022\\\/11\\\/logo_westfriesmuseum.png\",\"width\":676,\"height\":361,\"caption\":\"Westfries Museum\"},\"image\":{\"@id\":\"https:\\\/\\\/westfriesmuseum.nl\\\/de\\\/#\\\/schema\\\/logo\\\/image\\\/\"},\"sameAs\":[\"https:\\\/\\\/nl-nl.facebook.com\\\/westfriesmuseum\\\/\",\"https:\\\/\\\/x.com\\\/WestfriesMuseum\"]}]}<\/script>\n<!-- \/ Yoast SEO plugin. -->","yoast_head_json":{"title":"Entdecken Sie die Geschichte Hoorns Podwalks - Westfries Museum","description":"Entdecken Sie die Geschichte Hoorns mit zwei Podwalks. Lassen Sie sich von all den Geschichten inspirieren, die diese stadt zu bieten hat.","robots":{"index":"index","follow":"follow","max-snippet":"max-snippet:-1","max-image-preview":"max-image-preview:large","max-video-preview":"max-video-preview:-1"},"canonical":"https:\/\/westfriesmuseum.nl\/de\/entdecken-die-geschichte-hoorns-podwalks\/","og_locale":"de_DE","og_type":"article","og_title":"Entdecken Sie die Geschichte Hoorns Podwalks - Westfries Museum","og_description":"Entdecken Sie die Geschichte Hoorns mit zwei Podwalks. Lassen Sie sich von all den Geschichten inspirieren, die diese stadt zu bieten hat.","og_url":"https:\/\/westfriesmuseum.nl\/de\/entdecken-die-geschichte-hoorns-podwalks\/","og_site_name":"Westfries Museum","article_publisher":"https:\/\/nl-nl.facebook.com\/westfriesmuseum\/","article_modified_time":"2024-07-18T09:27:29+00:00","og_image":[{"width":1920,"height":1080,"url":"https:\/\/westfriesmuseum.nl\/wp-content\/uploads\/2023\/07\/Persoon-bekijkt-podwalk.jpg","type":"image\/jpeg"}],"twitter_card":"summary_large_image","twitter_site":"@WestfriesMuseum","twitter_misc":{"Est. reading time":"1\u00a0Minute"},"schema":{"@context":"https:\/\/schema.org","@graph":[{"@type":"WebPage","@id":"https:\/\/westfriesmuseum.nl\/de\/entdecken-die-geschichte-hoorns-podwalks\/","url":"https:\/\/westfriesmuseum.nl\/de\/entdecken-die-geschichte-hoorns-podwalks\/","name":"Entdecken Sie die Geschichte Hoorns Podwalks - Westfries Museum","isPartOf":{"@id":"https:\/\/westfriesmuseum.nl\/de\/#website"},"primaryImageOfPage":{"@id":"https:\/\/westfriesmuseum.nl\/de\/entdecken-die-geschichte-hoorns-podwalks\/#primaryimage"},"image":{"@id":"https:\/\/westfriesmuseum.nl\/de\/entdecken-die-geschichte-hoorns-podwalks\/#primaryimage"},"thumbnailUrl":"https:\/\/westfriesmuseum.nl\/wp-content\/uploads\/2023\/07\/Persoon-bekijkt-podwalk.jpg","datePublished":"2022-12-09T10:06:15+00:00","dateModified":"2024-07-18T09:27:29+00:00","description":"Entdecken Sie die Geschichte Hoorns mit zwei Podwalks. Lassen Sie sich von all den Geschichten inspirieren, die diese stadt zu bieten hat.","breadcrumb":{"@id":"https:\/\/westfriesmuseum.nl\/de\/entdecken-die-geschichte-hoorns-podwalks\/#breadcrumb"},"inLanguage":"de","potentialAction":[{"@type":"ReadAction","target":["https:\/\/westfriesmuseum.nl\/de\/entdecken-die-geschichte-hoorns-podwalks\/"]}]},{"@type":"ImageObject","inLanguage":"de","@id":"https:\/\/westfriesmuseum.nl\/de\/entdecken-die-geschichte-hoorns-podwalks\/#primaryimage","url":"https:\/\/westfriesmuseum.nl\/wp-content\/uploads\/2023\/07\/Persoon-bekijkt-podwalk.jpg","contentUrl":"https:\/\/westfriesmuseum.nl\/wp-content\/uploads\/2023\/07\/Persoon-bekijkt-podwalk.jpg","width":1920,"height":1080,"caption":"Persoon bekijkt podwalk"},{"@type":"BreadcrumbList","@id":"https:\/\/westfriesmuseum.nl\/de\/entdecken-die-geschichte-hoorns-podwalks\/#breadcrumb","itemListElement":[{"@type":"ListItem","position":1,"name":"Home","item":"https:\/\/westfriesmuseum.nl\/de\/"},{"@type":"ListItem","position":2,"name":"Entdecken Sie die Geschichte Hoorns Podwalks"}]},{"@type":"WebSite","@id":"https:\/\/westfriesmuseum.nl\/de\/#website","url":"https:\/\/westfriesmuseum.nl\/de\/","name":"Westfries Museum","description":"Museum dicht, stad open","publisher":{"@id":"https:\/\/westfriesmuseum.nl\/de\/#organization"},"potentialAction":[{"@type":"SearchAction","target":{"@type":"EntryPoint","urlTemplate":"https:\/\/westfriesmuseum.nl\/de\/?s={search_term_string}"},"query-input":{"@type":"PropertyValueSpecification","valueRequired":true,"valueName":"search_term_string"}}],"inLanguage":"de"},{"@type":"Organization","@id":"https:\/\/westfriesmuseum.nl\/de\/#organization","name":"Westfries Museum","url":"https:\/\/westfriesmuseum.nl\/de\/","logo":{"@type":"ImageObject","inLanguage":"de","@id":"https:\/\/westfriesmuseum.nl\/de\/#\/schema\/logo\/image\/","url":"https:\/\/westfriesmuseum.nl\/wp-content\/uploads\/2022\/11\/logo_westfriesmuseum.png","contentUrl":"https:\/\/westfriesmuseum.nl\/wp-content\/uploads\/2022\/11\/logo_westfriesmuseum.png","width":676,"height":361,"caption":"Westfries Museum"},"image":{"@id":"https:\/\/westfriesmuseum.nl\/de\/#\/schema\/logo\/image\/"},"sameAs":["https:\/\/nl-nl.facebook.com\/westfriesmuseum\/","https:\/\/x.com\/WestfriesMuseum"]}]}},"_links":{"self":[{"href":"https:\/\/westfriesmuseum.nl\/de\/wp-json\/wp\/v2\/pages\/907","targetHints":{"allow":["GET"]}}],"collection":[{"href":"https:\/\/westfriesmuseum.nl\/de\/wp-json\/wp\/v2\/pages"}],"about":[{"href":"https:\/\/westfriesmuseum.nl\/de\/wp-json\/wp\/v2\/types\/page"}],"author":[{"embeddable":true,"href":"https:\/\/westfriesmuseum.nl\/de\/wp-json\/wp\/v2\/users\/1"}],"replies":[{"embeddable":true,"href":"https:\/\/westfriesmuseum.nl\/de\/wp-json\/wp\/v2\/comments?post=907"}],"version-history":[{"count":0,"href":"https:\/\/westfriesmuseum.nl\/de\/wp-json\/wp\/v2\/pages\/907\/revisions"}],"wp:featuredmedia":[{"embeddable":true,"href":"https:\/\/westfriesmuseum.nl\/de\/wp-json\/wp\/v2\/media\/3035"}],"wp:attachment":[{"href":"https:\/\/westfriesmuseum.nl\/de\/wp-json\/wp\/v2\/media?parent=907"}],"curies":[{"name":"wp","href":"https:\/\/api.w.org\/{rel}","templated":true}]}}