{"id":4538,"date":"2024-04-25T10:47:42","date_gmt":"2024-04-25T08:47:42","guid":{"rendered":"https:\/\/westfriesmuseum.nl\/?page_id=4538"},"modified":"2024-12-20T11:43:12","modified_gmt":"2024-12-20T10:43:12","slug":"rembrandt","status":"publish","type":"page","link":"https:\/\/westfriesmuseum.nl\/de\/rembrandt\/","title":{"rendered":"Rembrandt, der Fotograf"},"content":{"rendered":"\n<h2 class=\"wp-block-heading\">Westfries Museum beleuchtet Rembrandts fotografisches Auge<\/h2>\n\n\n\n<p>Es handelt sich um die gr\u00f6\u00dfte Sammlung von Rembrandt-Radierungen, die jemals in den Niederlanden zu sehen war. Mehr als 200 meisterhafte Radierungen aus der Sammlung des Rembrandt-Sammlers Jaap Mulders f\u00fcllen unser leeres Museum. Aufgrund des Erfolgs wurde sie bis zum 5. Januar 2025 verl\u00e4ngert!<\/p>\n\n\n\n<p>Aufgrund der verz\u00f6gerten Renovierung nutzen wir die Gelegenheit, f\u00fcr vier Monate ein komplettes Rembrandt-Museum zu sein. Neben Rembrandts meisterhafter Technik stehen auch seine fast fotografisch anmutenden Kompositionen im Mittelpunkt. Rembrandt hatte wie kein anderer K\u00fcnstler seiner Zeit den Blick f\u00fcr das perfekte Bild: wie ein Fotograf avant la lettre.<\/p>\n\n\n\n<h3 class=\"wp-block-heading\">Informationen &amp; Tickets<\/h3>\n\n\n\n<ul class=\"wp-block-list\">\n<li>Daten: 22. Juni 2024 bis 5. Januar 2025<\/li>\n\n\n\n<li>\u00d6ffnungszeiten: Dienstag bis Sonntag 11:00 &#8211; 17:00<\/li>\n\n\n\n<li>W\u00e4hrend der Weihnachtsferien ge\u00f6ffnet, nur am 25. Dezember und 1. Januar geschlossen.<\/li>\n\n\n\n<li>Besuchsadresse: Roode Steen 1, Hoorn<\/li>\n\n\n\n<li>Tickets \u20ac12,50. Jugendliche bis 16 Jahre frei.<\/li>\n\n\n\n<li>Kostenlos f\u00fcr Inhaber der Museumskarte, VIP-Karte der VriendenLoterij, Freunde des Westfries-Museums, Mitglieder des Rembrandt-Vereins.<\/li>\n<\/ul>\n\n\n\n<div class=\"wp-block-buttons is-layout-flex wp-block-buttons-is-layout-flex\">\n<div class=\"wp-block-button\"><a class=\"wp-block-button__link wp-element-button\" href=\"https:\/\/tickets.wfm.nl\/wfm\/de\/flow_configs\/tickets\/steps\/start\/z_event\/12630\">Ticket(s) buchen<\/a><\/div>\n<\/div>\n\n\n\n<h3 class=\"wp-block-heading\">Tipp: Kombiticket<\/h3>\n\n\n\n<p>Machen Sie es zu einem kompletten Tag in Hoorn! Besuchen Sie neben der Rembrandt-Ausstellung unsere Museumsattraktion <a href=\"https:\/\/westfriesmuseum.nl\/de\/entdecken-die-geschichte-hoorns\/\">Entdecken Sie die Geschichte Hoorns<\/a> im Statenpoort an der Nieuwstraat. Eine spektakul\u00e4re Multimedia-Show mit zwei Podwalks durch das historische Stadtzentrum. Ein Kombiticket kostet \u20ac15 (separat \u20ac20).<\/p>\n\n\n\n<div class=\"wp-block-buttons is-layout-flex wp-block-buttons-is-layout-flex\">\n<div class=\"wp-block-button\"><a class=\"wp-block-button__link wp-element-button\" href=\"https:\/\/tickets.wfm.nl\/wfm\/nl\/flow_configs\/product\/steps\/start\/product\/20269\">Kombiticket(s) buchen<\/a><\/div>\n<\/div>\n\n\n\n<h3 class=\"wp-block-heading\">Auch Rembrandt-Tulpen und Bronzeskulpturen<\/h3>\n\n\n\n<p>Die Ausstellung &#8222;Rembrandt, der Fotograf&#8220; wird durch Fotografien und Bronzeskulpturen erg\u00e4nzt, ganz im Rembrandt-Stil. In zwei Museumsr\u00e4umen sind von Rembrandt inspirierte Blumenportr\u00e4ts und Stillleben des Fotografen Dennis A-Tjak zu sehen. Und w\u00e4hrend der gesamten Ausstellung k\u00f6nnen Sie die Bronzen bewundern, die der Bildhauer Anat Ratzabi als Reaktion auf Rembrandts Radierungen anfertigte.<\/p>\n\n\n\n<h3 class=\"wp-block-heading\">Vertiefen Sie Ihren Museumsbesuch<\/h3>\n\n\n\n<p>Eine digitale App steht in der Ausstellung in jeder gew\u00fcnschten Sprache zur Verf\u00fcgung. Dieser digitale F\u00fchrer erz\u00e4hlt Ihnen viel mehr \u00fcber die Kunstwerke und \u00fcber Rembrandts Motivation. Kostenloser Download im Museum.<\/p>\n\n\n\n<h2 class=\"wp-block-heading\">Mehr \u00fcber Rembrandt<\/h2>\n\n\n\n<p>Es gibt keinen Maler des 17. Jahrhunderts, der so viele Radierungen anfertigte wie Rembrandt van Rijn. Er fertigte etwa 300 davon an. Und er machte alles selbst, vom Skizzieren und Radieren bis zum Drucken. Zu Lebzeiten war Rembrandt viel bekannter f\u00fcr seine Druckgrafiken als f\u00fcr seine Gem\u00e4lde. Radierungen konnten in einer gr\u00f6\u00dferen Auflage gedruckt werden, wodurch er ein viel gr\u00f6\u00dferes und internationaleres Publikum erreichen konnte als mit seinen \u00d6lgem\u00e4lden. Vielleicht hat er deshalb so viele gemacht. Auf jeden Fall sorgten sie auch f\u00fcr ein sch\u00f6nes Nebeneinkommen.<\/p>\n\n\n\n<h3 class=\"wp-block-heading\">Internationaler Ruhm<\/h3>\n\n\n\n<p>Rembrandt war einer der ersten K\u00fcnstler, der die verschiedenen Zwischenphasen (Zust\u00e4nde) seines Werks verkaufte. Die gr\u00f6\u00dferen Drucke brachten durchschnittlich 8 bis 10 Schilling, mit Spitzen von bis zu 100 Gulden, ein Verm\u00f6gen in jenen Tagen. Rembrandt schuf seine ber\u00fchmtesten Radierungen, <em>Christus heilt die Auss\u00e4tzigen<\/em>, <em>Die drei Kreuze<\/em> und das bekannte <em>Portr\u00e4t von Jan Six<\/em>, um 1648, als er Anfang vierzig war. Er druckte sie auf extrem teurem Japanpapier.<\/p>\n\n\n\n<h3 class=\"wp-block-heading\">Lehramtliches Werk<\/h3>\n\n\n\n<p>Mehr als 200 Radierungen Rembrandts sind in der Ausstellung zu bewundern. Erg\u00e4nzt durch Radierungen verwandter K\u00fcnstler. Auf diese Weise vermittelt die Ausstellung nicht nur ein gutes und repr\u00e4sentatives Bild von Rembrandts meisterhaftem Radierungswerk, sondern auch von seinen k\u00fcnstlerischen Inspirationsquellen. Und an den Einfluss, den er auf andere K\u00fcnstler hatte. So wie Ferdinand Bol, der als Lehrling in seiner Werkstatt die Feinheiten der Radierung erlernte.<\/p>\n\n\n\n<p>Aus der Ausstellung geht aber auch hervor, dass eine Rembrandt-Radierung nicht die andere ist. Rembrandts Radierungen waren zu seinen Lebzeiten so beliebt, dass andere K\u00fcnstler Kopien davon anfertigten. Und manchmal sind sie so gut, dass man sie kaum vom Original unterscheiden kann. Und was ist mit sp\u00e4teren Drucken mit Rembrandts Radierplatten? Davon sind 80 erhalten geblieben. Im 19. Jahrhundert wurden sie noch regelm\u00e4\u00dfig f\u00fcr den Druck verwendet. Beispiele daf\u00fcr sind auch in der Ausstellung zu sehen.&nbsp;<\/p>\n\n\n\n<h3 class=\"wp-block-heading\">225 original Rembrandt-Radierungen<\/h3>\n\n\n\n<p>Alle Kunstwerke in der Ausstellung stammen aus der Sammlung von Jaap Mulders. Nie zuvor wurde seine Sammlung in ihrer ganzen Breite gezeigt. Der ehemalige Unternehmer und Kunstliebhaber kaufte 1997 seine erste Rembrandt-Radierung und ist seitdem v\u00f6llig fasziniert von Rembrandts &#8222;ph\u00e4nomenalen Kunstwerken auf dem Quadratzentimeter&#8220;. Seine Sammlung umfasst heute 225 originale Rembrandts: Radierungen, die von Rembrandt selbst angefertigt und gedruckt wurden. Und eine extrem seltene Kupfer\u00e4tzplatte, von der weltweit nur 80 erhalten geblieben sind. Es handelt sich um ein Portr\u00e4t des Remonstrantenpredigers Jan Uytenbogaert.<\/p>\n\n\n\n<h3 class=\"wp-block-heading\">Fotografische Kompositionen<\/h3>\n\n\n\n<p>Was Jaap Mulders an Rembrandts Radierung fasziniert, ist sein gut beobachteter Lichteinfall und sein perfektes Gesp\u00fcr f\u00fcr die Darstellung des richtigen, emotionalsten Augenblicks. &#8222;Wenn Rembrandt heute leben w\u00fcrde, w\u00e4re er zweifellos Fotograf geworden&#8220;, sagt Mulders. &#8222;Mit diesem gro\u00dfartigen Auge f\u00fcr diesen einen Moment und f\u00fcr diese scheinbar \u00fcberfl\u00fcssigen, aber ach so wichtigen Details, die das Bild perfekt machen. Wie der Hund in der Radierung von <em>Der barmherzige Samariter<\/em>. Es macht Bilder so fantasievoll, so vielschichtig, genau wie ein gutes Foto.&#8220;<\/p>\n\n\n\n<figure class=\"wp-block-image size-large\"><img loading=\"lazy\" decoding=\"async\" width=\"834\" height=\"1024\" src=\"https:\/\/westfriesmuseum.nl\/wp-content\/uploads\/2024\/04\/B090-The-good-Samaritan-BW-17-834x1024.jpg\" alt=\"\" class=\"wp-image-4420\" srcset=\"https:\/\/westfriesmuseum.nl\/wp-content\/uploads\/2024\/04\/B090-The-good-Samaritan-BW-17-834x1024.jpg 834w, https:\/\/westfriesmuseum.nl\/wp-content\/uploads\/2024\/04\/B090-The-good-Samaritan-BW-17-244x300.jpg 244w, https:\/\/westfriesmuseum.nl\/wp-content\/uploads\/2024\/04\/B090-The-good-Samaritan-BW-17-768x943.jpg 768w, https:\/\/westfriesmuseum.nl\/wp-content\/uploads\/2024\/04\/B090-The-good-Samaritan-BW-17-1251x1536.jpg 1251w, https:\/\/westfriesmuseum.nl\/wp-content\/uploads\/2024\/04\/B090-The-good-Samaritan-BW-17-1668x2048.jpg 1668w, https:\/\/westfriesmuseum.nl\/wp-content\/uploads\/2024\/04\/B090-The-good-Samaritan-BW-17-163x200.jpg 163w\" sizes=\"auto, (max-width: 834px) 100vw, 834px\" \/><\/figure>\n\n\n\n<h3 class=\"wp-block-heading\">Photoshop<\/h3>\n\n\n\n<p>Im Mittelpunkt der Ausstellung steht eine Pr\u00e4sentation im tempor\u00e4ren Ausstellungsraum des Museums, die einen \u00dcberblick \u00fcber Rembrandts Leben und sein reiches Radierwerk gibt. Jaap Mulders erkl\u00e4rt Rembrandts fotografisches Auge anhand einiger eindrucksvoller Beispiele und zeigt, dass der K\u00fcnstler bereits &#8222;Photoshop&#8220; betrieb.<\/p>\n\n\n\n<p>Diese Pr\u00e4sentation ist eigentlich der Besichtigungsleitfaden f\u00fcr den Rest der Ausstellung, die thematisch in verschiedenen R\u00e4umen des Museums gezeigt wird. Fast alle Arbeiten Rembrandts unterstreichen den Titel der Ausstellung. Seine Selbstportr\u00e4ts, von denen mehr als 20 ausgestellt sind, sind in Wirklichkeit Selfies. Und genau wie Ed van der Elsken in den 1960er Jahren hielt Rembrandt das Amsterdam seiner Zeit in seinen Portr\u00e4ts von Bettlern und bekannten Amsterdamern sowie in seinen Landschaften aus der Umgebung der Stadt fest.&nbsp;&nbsp;&nbsp;&nbsp;<\/p>\n\n\n\n<h3 class=\"wp-block-heading\">Einzigartige Lage<\/h3>\n\n\n\n<p>&#8222;Rembrandt, der Fotograf&#8220; ist eine einzigartige Ausstellung an einem einzigartigen Ort. Das Museum steht v\u00f6llig leer und wartet auf eine umfassende Restaurierung, Renovierung, Erweiterung und Renovierung. Jetzt, da die Renovierung l\u00e4nger dauert als geplant, nutzt das Museum diese au\u00dfergew\u00f6hnliche Gelegenheit, um dem gr\u00f6\u00dften K\u00fcnstler und Radierer, den die Niederlande je gekannt haben, viel Raum zu bieten.<\/p>\n\n\n\n<p>M\u00f6chten Sie \u00fcber die Entwicklungen auf dem Laufenden bleiben? Folgen Sie dem Westfries Museum auf Facebook, Instagram und LinkedIn.<\/p>\n\n\n\n<p><\/p>\n\n\n\n<p><em><em><em>Diese Ausstellung wird erm\u00f6glicht durch Imming Logistics Fine Art B.V.<\/em><\/em><\/em><\/p>\n","protected":false},"excerpt":{"rendered":"<p>Westfries Museum beleuchtet Rembrandts fotografisches Auge Es handelt sich um die gr\u00f6\u00dfte Sammlung von Rembrandt-Radierungen, die jemals in den Niederlanden zu sehen war. Mehr als 200 meisterhafte Radierungen aus der Sammlung des Rembrandt-Sammlers Jaap Mulders f\u00fcllen unser leeres Museum. Aufgrund des Erfolgs wurde sie bis zum 5. Januar 2025 verl\u00e4ngert! Aufgrund der verz\u00f6gerten Renovierung nutzen<a class=\"excerpt-read-more\" href=\"https:\/\/westfriesmuseum.nl\/de\/rembrandt\/\" title=\"WeiterlesenRembrandt, der Fotograf\">.. Weiterlesen \u00bb<\/a><\/p>\n","protected":false},"author":1,"featured_media":4477,"parent":0,"menu_order":0,"comment_status":"closed","ping_status":"closed","template":"","meta":{"_acf_changed":false,"footnotes":""},"class_list":["post-4538","page","type-page","status-publish","has-post-thumbnail","hentry"],"acf":[],"yoast_head":"<!-- This site is optimized with the Yoast SEO plugin v27.3 - https:\/\/yoast.com\/product\/yoast-seo-wordpress\/ -->\n<title>Rembrandt, der Fotograf - Westfries Museum<\/title>\n<meta name=\"description\" content=\"Die gr\u00f6\u00dfte Sammlung von Rembrandt-Radierungen, die jemals in den Niederlanden zu sehen war. Vom 22. Juni 2024 bis 5. Januar 2025 im Westfries Museum in Hoorn.\" \/>\n<meta name=\"robots\" content=\"index, follow, max-snippet:-1, max-image-preview:large, max-video-preview:-1\" \/>\n<link rel=\"canonical\" href=\"https:\/\/westfriesmuseum.nl\/de\/rembrandt\/\" \/>\n<meta property=\"og:locale\" content=\"de_DE\" \/>\n<meta property=\"og:type\" content=\"article\" \/>\n<meta property=\"og:title\" content=\"Rembrandt, der Fotograf - Westfries Museum\" \/>\n<meta property=\"og:description\" content=\"Die gr\u00f6\u00dfte Sammlung von Rembrandt-Radierungen, die jemals in den Niederlanden zu sehen war. Vom 22. Juni 2024 bis 5. Januar 2025 im Westfries Museum in Hoorn.\" \/>\n<meta property=\"og:url\" content=\"https:\/\/westfriesmuseum.nl\/de\/rembrandt\/\" \/>\n<meta property=\"og:site_name\" content=\"Westfries Museum\" \/>\n<meta property=\"article:publisher\" content=\"https:\/\/nl-nl.facebook.com\/westfriesmuseum\/\" \/>\n<meta property=\"article:modified_time\" content=\"2024-12-20T10:43:12+00:00\" \/>\n<meta property=\"og:image\" content=\"https:\/\/westfriesmuseum.nl\/wp-content\/uploads\/2024\/05\/Rembrandt-de-fotograaf-scaled.jpeg\" \/>\n\t<meta property=\"og:image:width\" content=\"1810\" \/>\n\t<meta property=\"og:image:height\" content=\"2560\" \/>\n\t<meta property=\"og:image:type\" content=\"image\/jpeg\" \/>\n<meta name=\"twitter:card\" content=\"summary_large_image\" \/>\n<meta name=\"twitter:site\" content=\"@WestfriesMuseum\" \/>\n<meta name=\"twitter:label1\" content=\"Est. reading time\" \/>\n\t<meta name=\"twitter:data1\" content=\"6\u00a0Minute\" \/>\n<script type=\"application\/ld+json\" class=\"yoast-schema-graph\">{\"@context\":\"https:\\\/\\\/schema.org\",\"@graph\":[{\"@type\":\"WebPage\",\"@id\":\"https:\\\/\\\/westfriesmuseum.nl\\\/de\\\/rembrandt\\\/\",\"url\":\"https:\\\/\\\/westfriesmuseum.nl\\\/de\\\/rembrandt\\\/\",\"name\":\"Rembrandt, der Fotograf - Westfries Museum\",\"isPartOf\":{\"@id\":\"https:\\\/\\\/westfriesmuseum.nl\\\/de\\\/#website\"},\"primaryImageOfPage\":{\"@id\":\"https:\\\/\\\/westfriesmuseum.nl\\\/de\\\/rembrandt\\\/#primaryimage\"},\"image\":{\"@id\":\"https:\\\/\\\/westfriesmuseum.nl\\\/de\\\/rembrandt\\\/#primaryimage\"},\"thumbnailUrl\":\"https:\\\/\\\/westfriesmuseum.nl\\\/wp-content\\\/uploads\\\/2024\\\/05\\\/Rembrandt-de-fotograaf-scaled.jpeg\",\"datePublished\":\"2024-04-25T08:47:42+00:00\",\"dateModified\":\"2024-12-20T10:43:12+00:00\",\"description\":\"Die gr\u00f6\u00dfte Sammlung von Rembrandt-Radierungen, die jemals in den Niederlanden zu sehen war. Vom 22. Juni 2024 bis 5. Januar 2025 im Westfries Museum in Hoorn.\",\"breadcrumb\":{\"@id\":\"https:\\\/\\\/westfriesmuseum.nl\\\/de\\\/rembrandt\\\/#breadcrumb\"},\"inLanguage\":\"de\",\"potentialAction\":[{\"@type\":\"ReadAction\",\"target\":[\"https:\\\/\\\/westfriesmuseum.nl\\\/de\\\/rembrandt\\\/\"]}]},{\"@type\":\"ImageObject\",\"inLanguage\":\"de\",\"@id\":\"https:\\\/\\\/westfriesmuseum.nl\\\/de\\\/rembrandt\\\/#primaryimage\",\"url\":\"https:\\\/\\\/westfriesmuseum.nl\\\/wp-content\\\/uploads\\\/2024\\\/05\\\/Rembrandt-de-fotograaf-scaled.jpeg\",\"contentUrl\":\"https:\\\/\\\/westfriesmuseum.nl\\\/wp-content\\\/uploads\\\/2024\\\/05\\\/Rembrandt-de-fotograaf-scaled.jpeg\",\"width\":1810,\"height\":2560,\"caption\":\"Rembrandt, de fotograaf beeldmerk\"},{\"@type\":\"BreadcrumbList\",\"@id\":\"https:\\\/\\\/westfriesmuseum.nl\\\/de\\\/rembrandt\\\/#breadcrumb\",\"itemListElement\":[{\"@type\":\"ListItem\",\"position\":1,\"name\":\"Home\",\"item\":\"https:\\\/\\\/westfriesmuseum.nl\\\/de\\\/\"},{\"@type\":\"ListItem\",\"position\":2,\"name\":\"Rembrandt, der Fotograf\"}]},{\"@type\":\"WebSite\",\"@id\":\"https:\\\/\\\/westfriesmuseum.nl\\\/de\\\/#website\",\"url\":\"https:\\\/\\\/westfriesmuseum.nl\\\/de\\\/\",\"name\":\"Westfries Museum\",\"description\":\"Museum dicht, stad open\",\"publisher\":{\"@id\":\"https:\\\/\\\/westfriesmuseum.nl\\\/de\\\/#organization\"},\"potentialAction\":[{\"@type\":\"SearchAction\",\"target\":{\"@type\":\"EntryPoint\",\"urlTemplate\":\"https:\\\/\\\/westfriesmuseum.nl\\\/de\\\/?s={search_term_string}\"},\"query-input\":{\"@type\":\"PropertyValueSpecification\",\"valueRequired\":true,\"valueName\":\"search_term_string\"}}],\"inLanguage\":\"de\"},{\"@type\":\"Organization\",\"@id\":\"https:\\\/\\\/westfriesmuseum.nl\\\/de\\\/#organization\",\"name\":\"Westfries Museum\",\"url\":\"https:\\\/\\\/westfriesmuseum.nl\\\/de\\\/\",\"logo\":{\"@type\":\"ImageObject\",\"inLanguage\":\"de\",\"@id\":\"https:\\\/\\\/westfriesmuseum.nl\\\/de\\\/#\\\/schema\\\/logo\\\/image\\\/\",\"url\":\"https:\\\/\\\/westfriesmuseum.nl\\\/wp-content\\\/uploads\\\/2022\\\/11\\\/logo_westfriesmuseum.png\",\"contentUrl\":\"https:\\\/\\\/westfriesmuseum.nl\\\/wp-content\\\/uploads\\\/2022\\\/11\\\/logo_westfriesmuseum.png\",\"width\":676,\"height\":361,\"caption\":\"Westfries Museum\"},\"image\":{\"@id\":\"https:\\\/\\\/westfriesmuseum.nl\\\/de\\\/#\\\/schema\\\/logo\\\/image\\\/\"},\"sameAs\":[\"https:\\\/\\\/nl-nl.facebook.com\\\/westfriesmuseum\\\/\",\"https:\\\/\\\/x.com\\\/WestfriesMuseum\"]}]}<\/script>\n<!-- \/ Yoast SEO plugin. -->","yoast_head_json":{"title":"Rembrandt, der Fotograf - Westfries Museum","description":"Die gr\u00f6\u00dfte Sammlung von Rembrandt-Radierungen, die jemals in den Niederlanden zu sehen war. Vom 22. Juni 2024 bis 5. Januar 2025 im Westfries Museum in Hoorn.","robots":{"index":"index","follow":"follow","max-snippet":"max-snippet:-1","max-image-preview":"max-image-preview:large","max-video-preview":"max-video-preview:-1"},"canonical":"https:\/\/westfriesmuseum.nl\/de\/rembrandt\/","og_locale":"de_DE","og_type":"article","og_title":"Rembrandt, der Fotograf - Westfries Museum","og_description":"Die gr\u00f6\u00dfte Sammlung von Rembrandt-Radierungen, die jemals in den Niederlanden zu sehen war. Vom 22. Juni 2024 bis 5. Januar 2025 im Westfries Museum in Hoorn.","og_url":"https:\/\/westfriesmuseum.nl\/de\/rembrandt\/","og_site_name":"Westfries Museum","article_publisher":"https:\/\/nl-nl.facebook.com\/westfriesmuseum\/","article_modified_time":"2024-12-20T10:43:12+00:00","og_image":[{"width":1810,"height":2560,"url":"https:\/\/westfriesmuseum.nl\/wp-content\/uploads\/2024\/05\/Rembrandt-de-fotograaf-scaled.jpeg","type":"image\/jpeg"}],"twitter_card":"summary_large_image","twitter_site":"@WestfriesMuseum","twitter_misc":{"Est. reading time":"6\u00a0Minute"},"schema":{"@context":"https:\/\/schema.org","@graph":[{"@type":"WebPage","@id":"https:\/\/westfriesmuseum.nl\/de\/rembrandt\/","url":"https:\/\/westfriesmuseum.nl\/de\/rembrandt\/","name":"Rembrandt, der Fotograf - Westfries Museum","isPartOf":{"@id":"https:\/\/westfriesmuseum.nl\/de\/#website"},"primaryImageOfPage":{"@id":"https:\/\/westfriesmuseum.nl\/de\/rembrandt\/#primaryimage"},"image":{"@id":"https:\/\/westfriesmuseum.nl\/de\/rembrandt\/#primaryimage"},"thumbnailUrl":"https:\/\/westfriesmuseum.nl\/wp-content\/uploads\/2024\/05\/Rembrandt-de-fotograaf-scaled.jpeg","datePublished":"2024-04-25T08:47:42+00:00","dateModified":"2024-12-20T10:43:12+00:00","description":"Die gr\u00f6\u00dfte Sammlung von Rembrandt-Radierungen, die jemals in den Niederlanden zu sehen war. Vom 22. Juni 2024 bis 5. Januar 2025 im Westfries Museum in Hoorn.","breadcrumb":{"@id":"https:\/\/westfriesmuseum.nl\/de\/rembrandt\/#breadcrumb"},"inLanguage":"de","potentialAction":[{"@type":"ReadAction","target":["https:\/\/westfriesmuseum.nl\/de\/rembrandt\/"]}]},{"@type":"ImageObject","inLanguage":"de","@id":"https:\/\/westfriesmuseum.nl\/de\/rembrandt\/#primaryimage","url":"https:\/\/westfriesmuseum.nl\/wp-content\/uploads\/2024\/05\/Rembrandt-de-fotograaf-scaled.jpeg","contentUrl":"https:\/\/westfriesmuseum.nl\/wp-content\/uploads\/2024\/05\/Rembrandt-de-fotograaf-scaled.jpeg","width":1810,"height":2560,"caption":"Rembrandt, de fotograaf beeldmerk"},{"@type":"BreadcrumbList","@id":"https:\/\/westfriesmuseum.nl\/de\/rembrandt\/#breadcrumb","itemListElement":[{"@type":"ListItem","position":1,"name":"Home","item":"https:\/\/westfriesmuseum.nl\/de\/"},{"@type":"ListItem","position":2,"name":"Rembrandt, der Fotograf"}]},{"@type":"WebSite","@id":"https:\/\/westfriesmuseum.nl\/de\/#website","url":"https:\/\/westfriesmuseum.nl\/de\/","name":"Westfries Museum","description":"Museum dicht, stad open","publisher":{"@id":"https:\/\/westfriesmuseum.nl\/de\/#organization"},"potentialAction":[{"@type":"SearchAction","target":{"@type":"EntryPoint","urlTemplate":"https:\/\/westfriesmuseum.nl\/de\/?s={search_term_string}"},"query-input":{"@type":"PropertyValueSpecification","valueRequired":true,"valueName":"search_term_string"}}],"inLanguage":"de"},{"@type":"Organization","@id":"https:\/\/westfriesmuseum.nl\/de\/#organization","name":"Westfries Museum","url":"https:\/\/westfriesmuseum.nl\/de\/","logo":{"@type":"ImageObject","inLanguage":"de","@id":"https:\/\/westfriesmuseum.nl\/de\/#\/schema\/logo\/image\/","url":"https:\/\/westfriesmuseum.nl\/wp-content\/uploads\/2022\/11\/logo_westfriesmuseum.png","contentUrl":"https:\/\/westfriesmuseum.nl\/wp-content\/uploads\/2022\/11\/logo_westfriesmuseum.png","width":676,"height":361,"caption":"Westfries Museum"},"image":{"@id":"https:\/\/westfriesmuseum.nl\/de\/#\/schema\/logo\/image\/"},"sameAs":["https:\/\/nl-nl.facebook.com\/westfriesmuseum\/","https:\/\/x.com\/WestfriesMuseum"]}]}},"_links":{"self":[{"href":"https:\/\/westfriesmuseum.nl\/de\/wp-json\/wp\/v2\/pages\/4538","targetHints":{"allow":["GET"]}}],"collection":[{"href":"https:\/\/westfriesmuseum.nl\/de\/wp-json\/wp\/v2\/pages"}],"about":[{"href":"https:\/\/westfriesmuseum.nl\/de\/wp-json\/wp\/v2\/types\/page"}],"author":[{"embeddable":true,"href":"https:\/\/westfriesmuseum.nl\/de\/wp-json\/wp\/v2\/users\/1"}],"replies":[{"embeddable":true,"href":"https:\/\/westfriesmuseum.nl\/de\/wp-json\/wp\/v2\/comments?post=4538"}],"version-history":[{"count":0,"href":"https:\/\/westfriesmuseum.nl\/de\/wp-json\/wp\/v2\/pages\/4538\/revisions"}],"wp:featuredmedia":[{"embeddable":true,"href":"https:\/\/westfriesmuseum.nl\/de\/wp-json\/wp\/v2\/media\/4477"}],"wp:attachment":[{"href":"https:\/\/westfriesmuseum.nl\/de\/wp-json\/wp\/v2\/media?parent=4538"}],"curies":[{"name":"wp","href":"https:\/\/api.w.org\/{rel}","templated":true}]}}