{"id":2789,"date":"2023-05-22T11:52:18","date_gmt":"2023-05-22T09:52:18","guid":{"rendered":"https:\/\/westfriesmuseum.nl\/?page_id=2789"},"modified":"2024-11-18T09:25:38","modified_gmt":"2024-11-18T08:25:38","slug":"tickets","status":"publish","type":"page","link":"https:\/\/westfriesmuseum.nl\/de\/tickets\/","title":{"rendered":"Tickets"},"content":{"rendered":"\n<h2 class=\"wp-block-heading\">\u201eEntdecken Sie die Geschichte Hoorns\u201c: der Ausgangspunkt f\u00fcr Ihre Erkundungstour durch die Stadt<\/h2>\n\n\n\n<p>Auf der Suche nach einem besonderen Tagesausflug? Entdecken Sie die Geschichte von Hoorn! Erleben Sie zun\u00e4chst die historischen Highlights von Hoorn in einer spektakul\u00e4ren Multimedia-Show. Dann spazieren Sie auf einem der ausf\u00fchrlichen Podwalks entlang der Denkm\u00e4ler im Stadtzentrum von Hoorn. <\/p>\n\n\n\n<p><a href=\"https:\/\/westfriesmuseum.nl\/de\/ontdek-het-verhaal-van-hoorn\/#planen-besuch\">Sehen Sie sich unsere \u00d6ffnungszeiten und Preise an.<\/a><\/p>\n\n\n\n<p><a href=\"https:\/\/westfriesmuseum.nl\/de\/ontdek-het-verhaal-van-hoorn\/#planen-besuch\">Erfahren Sie mehr \u00fcber die Erreichbarkeit und Zug\u00e4nglichkeit<\/a>.<\/p>\n\n\n\n<div class=\"wp-block-buttons is-layout-flex wp-block-buttons-is-layout-flex\">\n<div class=\"wp-block-button\"><a class=\"wp-block-button__link wp-element-button\" href=\"https:\/\/tickets.wfm.nl\/wfm\/de\/flow_configs\/tickets\/steps\/start\/z_event\/12656\">Reservieren Sie hier Ihr(e) Ticket(s)<\/a><\/div>\n<\/div>\n\n\n\n<p><em>Wir empfehlen, Eintrittskarten vorab zu buchen, was jedoch keine Pflicht ist.<\/em><br><em>Tickets sind flexibel. Wenn Sie ein Ticket kaufen, k\u00f6nnen Sie selbst entscheiden, wann Sie uns besuchen.<\/em><br><em>Sie erhalten eine Best\u00e4tigung per E-Mail. Nicht erhalten? \u00dcberpr\u00fcfen Sie bitte Ihren Spam-Ordner.<\/em><br><em>Sie k\u00f6nnen f\u00fcr bis zu 4 Personen gleichzeitig online Eintrittskarten buchen. Bei mehr Personen f\u00fchren Sie eine erg\u00e4nzende zweite und\/oder dritte Buchung f\u00fcr dasselbe Zeitfenster durch.<\/em><br><em>Die Buchung wird erst definitiv, wenn die Gesch\u00e4ftsbedingungen akzeptiert wurden und die Zahlung erfolgt ist. Bei einem Buchungsfehler oder einer Stornierung ist leider keine R\u00fcckerstattung des gezahlten Betrags m\u00f6glich. Die Eintrittskarten sind allerdings \u00fcbertragbar.<\/em><\/p>\n\n\n\n<h3 class=\"wp-block-heading\">Tipp: Kombiticket<\/h3>\n\n\n\n<p>Machen Sie es zu einem kompletten Tag in Hoorn! Besuchen Sie neben &#8222;Entdecken Sie die Geschichte von Hoorn&#8220; die <a href=\"https:\/\/westfriesmuseum.nl\/de\/rembrandt\/\">Rembrandt-Ausstellung<\/a> in unserem leeren Museum auf dem Roode Steen. Ein Kombiticket kostet \u20ac15 (separat \u20ac20).<\/p>\n\n\n\n<p><a href=\"https:\/\/tickets.wfm.nl\/wfm\/nl\/flow_configs\/product\/steps\/start\/product\/20269\">Kombiticket buchen<\/a><\/p>\n\n\n\n<figure class=\"wp-block-table\"><table class=\"has-fixed-layout\"><tbody><tr><td><strong>Bitte beachten Sie!<\/strong> Die Multimedia-Show ist w\u00e4hrend der Winterzeit vom 1. Februar bis 1. April 2025 geschlossen. Die Wanderrouten sind jederzeit verf\u00fcgbar, Sie k\u00f6nnen <a href=\"https:\/\/westfriesmuseum.nl\/de\/entdecken-die-geschichte-hoorns-podwalks\/\">die Routen \u00fcber unsere Website kaufen und herunterladen<\/a>.<\/td><\/tr><\/tbody><\/table><\/figure>\n","protected":false},"excerpt":{"rendered":"<p>\u201eEntdecken Sie die Geschichte Hoorns\u201c: der Ausgangspunkt f\u00fcr Ihre Erkundungstour durch die Stadt Auf der Suche nach einem besonderen Tagesausflug? Entdecken Sie die Geschichte von Hoorn! Erleben Sie zun\u00e4chst die historischen Highlights von Hoorn in einer spektakul\u00e4ren Multimedia-Show. Dann spazieren Sie auf einem der ausf\u00fchrlichen Podwalks entlang der Denkm\u00e4ler im Stadtzentrum von Hoorn. Sehen Sie<a class=\"excerpt-read-more\" href=\"https:\/\/westfriesmuseum.nl\/de\/tickets\/\" title=\"WeiterlesenTickets\">.. Weiterlesen \u00bb<\/a><\/p>\n","protected":false},"author":1,"featured_media":3915,"parent":0,"menu_order":0,"comment_status":"closed","ping_status":"closed","template":"","meta":{"_acf_changed":false,"footnotes":""},"class_list":["post-2789","page","type-page","status-publish","has-post-thumbnail","hentry"],"acf":[],"yoast_head":"<!-- This site is optimized with the Yoast SEO plugin v27.4 - https:\/\/yoast.com\/product\/yoast-seo-wordpress\/ -->\n<title>Tickets - Westfries Museum<\/title>\n<meta name=\"description\" content=\"Buchen Sie hier Ihre Tickets f\u00fcr die Multimediashow \u201eEntdecken Sie die Geschichte von Hoorn\u201c im Statenpoort in Hoorn. Inklusive Podwalk.\" \/>\n<meta name=\"robots\" content=\"index, follow, max-snippet:-1, max-image-preview:large, max-video-preview:-1\" \/>\n<link rel=\"canonical\" href=\"https:\/\/westfriesmuseum.nl\/de\/tickets\/\" \/>\n<meta property=\"og:locale\" content=\"de_DE\" \/>\n<meta property=\"og:type\" content=\"article\" \/>\n<meta property=\"og:title\" content=\"Tickets - Westfries Museum\" \/>\n<meta property=\"og:description\" content=\"Buchen Sie hier Ihre Tickets f\u00fcr die Multimediashow \u201eEntdecken Sie die Geschichte von Hoorn\u201c im Statenpoort in Hoorn. Inklusive Podwalk.\" \/>\n<meta property=\"og:url\" content=\"https:\/\/westfriesmuseum.nl\/de\/tickets\/\" \/>\n<meta property=\"og:site_name\" content=\"Westfries Museum\" \/>\n<meta property=\"article:publisher\" content=\"https:\/\/nl-nl.facebook.com\/westfriesmuseum\/\" \/>\n<meta property=\"article:modified_time\" content=\"2024-11-18T08:25:38+00:00\" \/>\n<meta property=\"og:image\" content=\"https:\/\/westfriesmuseum.nl\/wp-content\/uploads\/2024\/02\/P1017369b-LR-scaled.jpg\" \/>\n\t<meta property=\"og:image:width\" content=\"2560\" \/>\n\t<meta property=\"og:image:height\" content=\"1707\" \/>\n\t<meta property=\"og:image:type\" content=\"image\/jpeg\" \/>\n<meta name=\"twitter:card\" content=\"summary_large_image\" \/>\n<meta name=\"twitter:site\" content=\"@WestfriesMuseum\" \/>\n<meta name=\"twitter:label1\" content=\"Est. reading time\" \/>\n\t<meta name=\"twitter:data1\" content=\"2\u00a0Minute\" \/>\n<script type=\"application\/ld+json\" class=\"yoast-schema-graph\">{\"@context\":\"https:\\\/\\\/schema.org\",\"@graph\":[{\"@type\":\"WebPage\",\"@id\":\"https:\\\/\\\/westfriesmuseum.nl\\\/de\\\/tickets\\\/\",\"url\":\"https:\\\/\\\/westfriesmuseum.nl\\\/de\\\/tickets\\\/\",\"name\":\"Tickets - Westfries Museum\",\"isPartOf\":{\"@id\":\"https:\\\/\\\/westfriesmuseum.nl\\\/de\\\/#website\"},\"primaryImageOfPage\":{\"@id\":\"https:\\\/\\\/westfriesmuseum.nl\\\/de\\\/tickets\\\/#primaryimage\"},\"image\":{\"@id\":\"https:\\\/\\\/westfriesmuseum.nl\\\/de\\\/tickets\\\/#primaryimage\"},\"thumbnailUrl\":\"https:\\\/\\\/westfriesmuseum.nl\\\/wp-content\\\/uploads\\\/2024\\\/02\\\/P1017369b-LR-scaled.jpg\",\"datePublished\":\"2023-05-22T09:52:18+00:00\",\"dateModified\":\"2024-11-18T08:25:38+00:00\",\"description\":\"Buchen Sie hier Ihre Tickets f\u00fcr die Multimediashow \u201eEntdecken Sie die Geschichte von Hoorn\u201c im Statenpoort in Hoorn. Inklusive Podwalk.\",\"breadcrumb\":{\"@id\":\"https:\\\/\\\/westfriesmuseum.nl\\\/de\\\/tickets\\\/#breadcrumb\"},\"inLanguage\":\"de\",\"potentialAction\":[{\"@type\":\"ReadAction\",\"target\":[\"https:\\\/\\\/westfriesmuseum.nl\\\/de\\\/tickets\\\/\"]}]},{\"@type\":\"ImageObject\",\"inLanguage\":\"de\",\"@id\":\"https:\\\/\\\/westfriesmuseum.nl\\\/de\\\/tickets\\\/#primaryimage\",\"url\":\"https:\\\/\\\/westfriesmuseum.nl\\\/wp-content\\\/uploads\\\/2024\\\/02\\\/P1017369b-LR-scaled.jpg\",\"contentUrl\":\"https:\\\/\\\/westfriesmuseum.nl\\\/wp-content\\\/uploads\\\/2024\\\/02\\\/P1017369b-LR-scaled.jpg\",\"width\":2560,\"height\":1707,\"caption\":\"Persoon met koptelefoon op kijkt naar projecties van huizen op wanden\"},{\"@type\":\"BreadcrumbList\",\"@id\":\"https:\\\/\\\/westfriesmuseum.nl\\\/de\\\/tickets\\\/#breadcrumb\",\"itemListElement\":[{\"@type\":\"ListItem\",\"position\":1,\"name\":\"Home\",\"item\":\"https:\\\/\\\/westfriesmuseum.nl\\\/de\\\/\"},{\"@type\":\"ListItem\",\"position\":2,\"name\":\"Tickets\"}]},{\"@type\":\"WebSite\",\"@id\":\"https:\\\/\\\/westfriesmuseum.nl\\\/de\\\/#website\",\"url\":\"https:\\\/\\\/westfriesmuseum.nl\\\/de\\\/\",\"name\":\"Westfries Museum\",\"description\":\"Museum dicht, stad open\",\"publisher\":{\"@id\":\"https:\\\/\\\/westfriesmuseum.nl\\\/de\\\/#organization\"},\"potentialAction\":[{\"@type\":\"SearchAction\",\"target\":{\"@type\":\"EntryPoint\",\"urlTemplate\":\"https:\\\/\\\/westfriesmuseum.nl\\\/de\\\/?s={search_term_string}\"},\"query-input\":{\"@type\":\"PropertyValueSpecification\",\"valueRequired\":true,\"valueName\":\"search_term_string\"}}],\"inLanguage\":\"de\"},{\"@type\":\"Organization\",\"@id\":\"https:\\\/\\\/westfriesmuseum.nl\\\/de\\\/#organization\",\"name\":\"Westfries Museum\",\"url\":\"https:\\\/\\\/westfriesmuseum.nl\\\/de\\\/\",\"logo\":{\"@type\":\"ImageObject\",\"inLanguage\":\"de\",\"@id\":\"https:\\\/\\\/westfriesmuseum.nl\\\/de\\\/#\\\/schema\\\/logo\\\/image\\\/\",\"url\":\"https:\\\/\\\/westfriesmuseum.nl\\\/wp-content\\\/uploads\\\/2022\\\/11\\\/logo_westfriesmuseum.png\",\"contentUrl\":\"https:\\\/\\\/westfriesmuseum.nl\\\/wp-content\\\/uploads\\\/2022\\\/11\\\/logo_westfriesmuseum.png\",\"width\":676,\"height\":361,\"caption\":\"Westfries Museum\"},\"image\":{\"@id\":\"https:\\\/\\\/westfriesmuseum.nl\\\/de\\\/#\\\/schema\\\/logo\\\/image\\\/\"},\"sameAs\":[\"https:\\\/\\\/nl-nl.facebook.com\\\/westfriesmuseum\\\/\",\"https:\\\/\\\/x.com\\\/WestfriesMuseum\"]}]}<\/script>\n<!-- \/ Yoast SEO plugin. -->","yoast_head_json":{"title":"Tickets - Westfries Museum","description":"Buchen Sie hier Ihre Tickets f\u00fcr die Multimediashow \u201eEntdecken Sie die Geschichte von Hoorn\u201c im Statenpoort in Hoorn. Inklusive Podwalk.","robots":{"index":"index","follow":"follow","max-snippet":"max-snippet:-1","max-image-preview":"max-image-preview:large","max-video-preview":"max-video-preview:-1"},"canonical":"https:\/\/westfriesmuseum.nl\/de\/tickets\/","og_locale":"de_DE","og_type":"article","og_title":"Tickets - Westfries Museum","og_description":"Buchen Sie hier Ihre Tickets f\u00fcr die Multimediashow \u201eEntdecken Sie die Geschichte von Hoorn\u201c im Statenpoort in Hoorn. Inklusive Podwalk.","og_url":"https:\/\/westfriesmuseum.nl\/de\/tickets\/","og_site_name":"Westfries Museum","article_publisher":"https:\/\/nl-nl.facebook.com\/westfriesmuseum\/","article_modified_time":"2024-11-18T08:25:38+00:00","og_image":[{"width":2560,"height":1707,"url":"https:\/\/westfriesmuseum.nl\/wp-content\/uploads\/2024\/02\/P1017369b-LR-scaled.jpg","type":"image\/jpeg"}],"twitter_card":"summary_large_image","twitter_site":"@WestfriesMuseum","twitter_misc":{"Est. reading time":"2\u00a0Minute"},"schema":{"@context":"https:\/\/schema.org","@graph":[{"@type":"WebPage","@id":"https:\/\/westfriesmuseum.nl\/de\/tickets\/","url":"https:\/\/westfriesmuseum.nl\/de\/tickets\/","name":"Tickets - Westfries Museum","isPartOf":{"@id":"https:\/\/westfriesmuseum.nl\/de\/#website"},"primaryImageOfPage":{"@id":"https:\/\/westfriesmuseum.nl\/de\/tickets\/#primaryimage"},"image":{"@id":"https:\/\/westfriesmuseum.nl\/de\/tickets\/#primaryimage"},"thumbnailUrl":"https:\/\/westfriesmuseum.nl\/wp-content\/uploads\/2024\/02\/P1017369b-LR-scaled.jpg","datePublished":"2023-05-22T09:52:18+00:00","dateModified":"2024-11-18T08:25:38+00:00","description":"Buchen Sie hier Ihre Tickets f\u00fcr die Multimediashow \u201eEntdecken Sie die Geschichte von Hoorn\u201c im Statenpoort in Hoorn. Inklusive Podwalk.","breadcrumb":{"@id":"https:\/\/westfriesmuseum.nl\/de\/tickets\/#breadcrumb"},"inLanguage":"de","potentialAction":[{"@type":"ReadAction","target":["https:\/\/westfriesmuseum.nl\/de\/tickets\/"]}]},{"@type":"ImageObject","inLanguage":"de","@id":"https:\/\/westfriesmuseum.nl\/de\/tickets\/#primaryimage","url":"https:\/\/westfriesmuseum.nl\/wp-content\/uploads\/2024\/02\/P1017369b-LR-scaled.jpg","contentUrl":"https:\/\/westfriesmuseum.nl\/wp-content\/uploads\/2024\/02\/P1017369b-LR-scaled.jpg","width":2560,"height":1707,"caption":"Persoon met koptelefoon op kijkt naar projecties van huizen op wanden"},{"@type":"BreadcrumbList","@id":"https:\/\/westfriesmuseum.nl\/de\/tickets\/#breadcrumb","itemListElement":[{"@type":"ListItem","position":1,"name":"Home","item":"https:\/\/westfriesmuseum.nl\/de\/"},{"@type":"ListItem","position":2,"name":"Tickets"}]},{"@type":"WebSite","@id":"https:\/\/westfriesmuseum.nl\/de\/#website","url":"https:\/\/westfriesmuseum.nl\/de\/","name":"Westfries Museum","description":"Museum dicht, stad open","publisher":{"@id":"https:\/\/westfriesmuseum.nl\/de\/#organization"},"potentialAction":[{"@type":"SearchAction","target":{"@type":"EntryPoint","urlTemplate":"https:\/\/westfriesmuseum.nl\/de\/?s={search_term_string}"},"query-input":{"@type":"PropertyValueSpecification","valueRequired":true,"valueName":"search_term_string"}}],"inLanguage":"de"},{"@type":"Organization","@id":"https:\/\/westfriesmuseum.nl\/de\/#organization","name":"Westfries Museum","url":"https:\/\/westfriesmuseum.nl\/de\/","logo":{"@type":"ImageObject","inLanguage":"de","@id":"https:\/\/westfriesmuseum.nl\/de\/#\/schema\/logo\/image\/","url":"https:\/\/westfriesmuseum.nl\/wp-content\/uploads\/2022\/11\/logo_westfriesmuseum.png","contentUrl":"https:\/\/westfriesmuseum.nl\/wp-content\/uploads\/2022\/11\/logo_westfriesmuseum.png","width":676,"height":361,"caption":"Westfries Museum"},"image":{"@id":"https:\/\/westfriesmuseum.nl\/de\/#\/schema\/logo\/image\/"},"sameAs":["https:\/\/nl-nl.facebook.com\/westfriesmuseum\/","https:\/\/x.com\/WestfriesMuseum"]}]}},"_links":{"self":[{"href":"https:\/\/westfriesmuseum.nl\/de\/wp-json\/wp\/v2\/pages\/2789","targetHints":{"allow":["GET"]}}],"collection":[{"href":"https:\/\/westfriesmuseum.nl\/de\/wp-json\/wp\/v2\/pages"}],"about":[{"href":"https:\/\/westfriesmuseum.nl\/de\/wp-json\/wp\/v2\/types\/page"}],"author":[{"embeddable":true,"href":"https:\/\/westfriesmuseum.nl\/de\/wp-json\/wp\/v2\/users\/1"}],"replies":[{"embeddable":true,"href":"https:\/\/westfriesmuseum.nl\/de\/wp-json\/wp\/v2\/comments?post=2789"}],"version-history":[{"count":0,"href":"https:\/\/westfriesmuseum.nl\/de\/wp-json\/wp\/v2\/pages\/2789\/revisions"}],"wp:featuredmedia":[{"embeddable":true,"href":"https:\/\/westfriesmuseum.nl\/de\/wp-json\/wp\/v2\/media\/3915"}],"wp:attachment":[{"href":"https:\/\/westfriesmuseum.nl\/de\/wp-json\/wp\/v2\/media?parent=2789"}],"curies":[{"name":"wp","href":"https:\/\/api.w.org\/{rel}","templated":true}]}}