{"id":1457,"date":"2022-12-22T09:54:39","date_gmt":"2022-12-22T08:54:39","guid":{"rendered":"https:\/\/westfriesmuseum.nl\/?page_id=1457"},"modified":"2024-10-21T09:45:50","modified_gmt":"2024-10-21T07:45:50","slug":"uber-uns","status":"publish","type":"page","link":"https:\/\/westfriesmuseum.nl\/de\/uber-uns\/","title":{"rendered":"Uber uns"},"content":{"rendered":"\n<h2 class=\"wp-block-heading\">Museum im Wandel<\/h2>\n\n\n\n<p><strong>Westfries Museum gibt der Vergangenheit eine Zukunft<\/strong><\/p>\n\n\n\n<p>Seit 1881 ist das Westfries Museum im ehemaligen Statencollege untergebracht: einem nationalen Denkmal aus dem Jahr 1632 im Herzen der historischen Hafenstadt Hoorn. Die monumentale Unterkunft verleiht dem Museum einen besonderen Charakter. Die Kollektion und das Geb\u00e4ude erz\u00e4hlen zusammen die Geschichte der Kulturvergangenheit von Hoorn und Westfriesland, mit dem Schwerpunkt auf der spannendsten Zeit dieser Geschichte: dem 17. Jahrhundert. Genau wie in unseren Wechselausstellungen lassen wir gerne die Gegenwart mit der Vergangenheit interagieren.<\/p>\n\n\n\n<h2 class=\"wp-block-heading\">Restaurierung, Renovierung und Erneuerung<\/h2>\n\n\n\n<p>Das Museum wartet auf eine gro\u00df angelegte Renovierung, Nachhaltigkeit und Erneuerung der monumentalen Geb\u00e4ude. Da die Ausschreibung noch eine Weile auf sich warten l\u00e4sst, ist das Museum vom 22. Juni 2024 bis 5. Januar 2025 vor\u00fcbergehend f\u00fcr die Ausstellung <a href=\"https:\/\/westfriesmuseum.nl\/de\/rembrandt\/\">Rembrandt, der Fotograf<\/a> ge\u00f6ffnet.<\/p>\n\n\n\n<p>Danach ist jeder Besucher im sanierten Museum willkommen, auch Besucher, die weniger gut zu Fu\u00df sind. Dann bietet ein neues Untergeschoss Platz f\u00fcr unter anderem Wechselausstellungen, es wird einen frei zug\u00e4nglichen Gastronomiebereich geben und Sie k\u00f6nnen sich von einem neuen Museumskonzept inspirieren lassen.<\/p>\n\n\n\n<h2 class=\"wp-block-heading\">Neuen Museumskonzept<\/h2>\n\n\n\n<p>Wir werden die monumentale Kraft des Geb\u00e4udes in dem erneuerten Museum erhalten. Auch werden wir die Kulturgeschichte von Hoorn und Westfriesland weiter erz\u00e4hlen, mit dem Schwerpunkt auf dem 17. Jahrhundert. Aber wir werden dann diese Geschichte auf neue Weise erz\u00e4hlen: Es erwarten Sie mehr als 20 R\u00e4ume mit jeweils einem eigenen Thema und einer eigenen Atmosph\u00e4re. Und das aus verschiedenen Perspektiven. Dies ist unsere Art, die Fragen, die die Gesellschaft heute an die Vergangenheit stellt, zu beantworten.<\/p>\n\n\n\n<h2 class=\"wp-block-heading\">Geb\u00e4ude<\/h2>\n\n\n\n<p>Das Westfries Museum befindet sich in einem der sch\u00f6nsten denkmalgesch\u00fctzten Geb\u00e4ude Hoorns (erbaut 1632), direkt am zentralen Stadtplatz Roode Steen: im Statencollege. Als Besucher w\u00e4hnen Sie sich im 17. Jahrhundert. Das Statencollege wurde 1632 f\u00fcr die sogenannten \u201eGecommitteerde Raden van West-Friesland en het Noorderkwartier\u201c, den St\u00e4ndevertretungen dieser beiden Regionen errichtet. Sieben St\u00e4dte waren in diesem Verwaltungsorgan vertreten. Die Waffen finden sich an der Stufenfassade und im Versammlungsraum: dem heutigen Saal der Sch\u00fctzenbruderschaft (Schutterijzaal).&nbsp;Das Statencollege wurde dort errichtet, wo sich einst eines der ersten Steinh\u00e4user in Hoorn befand, das Proostenhuis. Der sp\u00e4tmittelalterliche Gew\u00f6lbekeller ist einer der wenigen \u00dcberreste dieses Geb\u00e4udes.<\/p>\n\n\n\n<p>Seit 1881 ist in diesem Geb\u00e4ude das Westfries Museum untergebracht. 1994 wurde das Museum um ein angrenzendes st\u00e4dtisches Denkmal erweitert, das urspr\u00fcnglich aus zwei H\u00e4usern bestand. Diese erhielten eine Fassade im klassizistischen Stil nach einem Entwurf des Architekten Leendert Viervant. Der monumentale Zaun, der den Innenhof umschlie\u00dft, stammt aus dem Jahr 1729. Hinter dem Museum befindet sich ein Innengarten, in dem Fassadensteine und andere Ornamente von Denkm\u00e4lern aus Hoorn zu sehen sind.<\/p>\n\n\n\n<p>Derzeit ist das Geb\u00e4ude wegen einer umfangreichen Restaurierung, Renovierung und Erneuerung geschlossen. Mitte 2025 wird das Westfries Museum den monumentalen Komplex, der dann um ein angrenzendes denkmalgesch\u00fctztes Geb\u00e4ude (Roode Steen 15) erweitert wurde, wieder er\u00f6ffnen. Dieses Geb\u00e4ude wird dann Teil des \u00f6ffentlich zug\u00e4nglichen Gastronomiebereichs des neuen Museums.<\/p>\n\n\n\n<h2 class=\"wp-block-heading\">Unser Team<\/h2>\n\n\n\n<p>Eine \u00dcbersicht unserer festangestellten Mitarbeiter und externen Experten finden Sie auf der Kontaktseite.<\/p>\n\n\n\n<div class=\"wp-block-buttons is-layout-flex wp-block-buttons-is-layout-flex\">\n<div class=\"wp-block-button\"><a class=\"wp-block-button__link wp-element-button\" href=\"https:\/\/westfriesmuseum.nl\/de\/contact\/\">Gehen Sie zur Kontaktseite<\/a><\/div>\n<\/div>\n\n\n\n<h2 class=\"wp-block-heading\">Unsere ehrenamtlichen Helfer<\/h2>\n\n\n\n<p>Ehrenamtliche sind unverzichtbare Kr\u00e4fte f\u00fcr das Westfries Museum. Wir sind stolz auf die mehr als 60 Mitarbeiter, die sich mit Begeisterung ehrenamtlich als unsere Gastgeber und Gartenhelfer engagieren. W\u00e4hrend der Schlie\u00dfung des Museums werden sie in unserem tempor\u00e4ren Museumsstandort im Statenpoort an der Nieuwstraat und nat\u00fcrlich in der Bildungswerkstatt im ersten Stock der Boterhal am Kerkplein aktiv bleiben.&nbsp;&nbsp;&nbsp;<\/p>\n","protected":false},"excerpt":{"rendered":"<p>Museum im Wandel Westfries Museum gibt der Vergangenheit eine Zukunft Seit 1881 ist das Westfries Museum im ehemaligen Statencollege untergebracht: einem nationalen Denkmal aus dem Jahr 1632 im Herzen der historischen Hafenstadt Hoorn. Die monumentale Unterkunft verleiht dem Museum einen besonderen Charakter. Die Kollektion und das Geb\u00e4ude erz\u00e4hlen zusammen die Geschichte der Kulturvergangenheit von Hoorn<a class=\"excerpt-read-more\" href=\"https:\/\/westfriesmuseum.nl\/de\/uber-uns\/\" title=\"WeiterlesenUber uns\">.. Weiterlesen \u00bb<\/a><\/p>\n","protected":false},"author":1,"featured_media":127,"parent":0,"menu_order":0,"comment_status":"closed","ping_status":"closed","template":"page-templates\/header-small.php","meta":{"_acf_changed":false,"footnotes":""},"class_list":["post-1457","page","type-page","status-publish","has-post-thumbnail","hentry"],"acf":[],"yoast_head":"<!-- This site is optimized with the Yoast SEO plugin v27.3 - https:\/\/yoast.com\/product\/yoast-seo-wordpress\/ -->\n<title>Uber uns - Westfries Museum<\/title>\n<meta name=\"description\" content=\"Die monumentale Unterkunft und die Kollektion erz\u00e4hlen zusammen die Geschichte der Kulturvergangenheit von Hoorn und West-Friesland.\" \/>\n<meta name=\"robots\" content=\"index, follow, max-snippet:-1, max-image-preview:large, max-video-preview:-1\" \/>\n<link rel=\"canonical\" href=\"https:\/\/westfriesmuseum.nl\/de\/uber-uns\/\" \/>\n<meta property=\"og:locale\" content=\"de_DE\" \/>\n<meta property=\"og:type\" content=\"article\" \/>\n<meta property=\"og:title\" content=\"Uber uns - Westfries Museum\" \/>\n<meta property=\"og:description\" content=\"Die monumentale Unterkunft und die Kollektion erz\u00e4hlen zusammen die Geschichte der Kulturvergangenheit von Hoorn und West-Friesland.\" \/>\n<meta property=\"og:url\" content=\"https:\/\/westfriesmuseum.nl\/de\/uber-uns\/\" \/>\n<meta property=\"og:site_name\" content=\"Westfries Museum\" \/>\n<meta property=\"article:publisher\" content=\"https:\/\/nl-nl.facebook.com\/westfriesmuseum\/\" \/>\n<meta property=\"article:modified_time\" content=\"2024-10-21T07:45:50+00:00\" \/>\n<meta property=\"og:image\" content=\"https:\/\/westfriesmuseum.nl\/wp-content\/uploads\/2022\/11\/image-header-1920x1080-1.jpg\" \/>\n\t<meta property=\"og:image:width\" content=\"1920\" \/>\n\t<meta property=\"og:image:height\" content=\"1080\" \/>\n\t<meta property=\"og:image:type\" content=\"image\/jpeg\" \/>\n<meta name=\"twitter:card\" content=\"summary_large_image\" \/>\n<meta name=\"twitter:site\" content=\"@WestfriesMuseum\" \/>\n<meta name=\"twitter:label1\" content=\"Est. reading time\" \/>\n\t<meta name=\"twitter:data1\" content=\"3\u00a0Minute\" \/>\n<script type=\"application\/ld+json\" class=\"yoast-schema-graph\">{\"@context\":\"https:\\\/\\\/schema.org\",\"@graph\":[{\"@type\":\"WebPage\",\"@id\":\"https:\\\/\\\/westfriesmuseum.nl\\\/de\\\/uber-uns\\\/\",\"url\":\"https:\\\/\\\/westfriesmuseum.nl\\\/de\\\/uber-uns\\\/\",\"name\":\"Uber uns - Westfries Museum\",\"isPartOf\":{\"@id\":\"https:\\\/\\\/westfriesmuseum.nl\\\/de\\\/#website\"},\"primaryImageOfPage\":{\"@id\":\"https:\\\/\\\/westfriesmuseum.nl\\\/de\\\/uber-uns\\\/#primaryimage\"},\"image\":{\"@id\":\"https:\\\/\\\/westfriesmuseum.nl\\\/de\\\/uber-uns\\\/#primaryimage\"},\"thumbnailUrl\":\"https:\\\/\\\/westfriesmuseum.nl\\\/wp-content\\\/uploads\\\/2022\\\/11\\\/image-header-1920x1080-1.jpg\",\"datePublished\":\"2022-12-22T08:54:39+00:00\",\"dateModified\":\"2024-10-21T07:45:50+00:00\",\"description\":\"Die monumentale Unterkunft und die Kollektion erz\u00e4hlen zusammen die Geschichte der Kulturvergangenheit von Hoorn und West-Friesland.\",\"breadcrumb\":{\"@id\":\"https:\\\/\\\/westfriesmuseum.nl\\\/de\\\/uber-uns\\\/#breadcrumb\"},\"inLanguage\":\"de\",\"potentialAction\":[{\"@type\":\"ReadAction\",\"target\":[\"https:\\\/\\\/westfriesmuseum.nl\\\/de\\\/uber-uns\\\/\"]}]},{\"@type\":\"ImageObject\",\"inLanguage\":\"de\",\"@id\":\"https:\\\/\\\/westfriesmuseum.nl\\\/de\\\/uber-uns\\\/#primaryimage\",\"url\":\"https:\\\/\\\/westfriesmuseum.nl\\\/wp-content\\\/uploads\\\/2022\\\/11\\\/image-header-1920x1080-1.jpg\",\"contentUrl\":\"https:\\\/\\\/westfriesmuseum.nl\\\/wp-content\\\/uploads\\\/2022\\\/11\\\/image-header-1920x1080-1.jpg\",\"width\":1920,\"height\":1080,\"caption\":\"Schilderij van Roode Steen met oude stadhuis en Statencollege\"},{\"@type\":\"BreadcrumbList\",\"@id\":\"https:\\\/\\\/westfriesmuseum.nl\\\/de\\\/uber-uns\\\/#breadcrumb\",\"itemListElement\":[{\"@type\":\"ListItem\",\"position\":1,\"name\":\"Home\",\"item\":\"https:\\\/\\\/westfriesmuseum.nl\\\/de\\\/\"},{\"@type\":\"ListItem\",\"position\":2,\"name\":\"Uber uns\"}]},{\"@type\":\"WebSite\",\"@id\":\"https:\\\/\\\/westfriesmuseum.nl\\\/de\\\/#website\",\"url\":\"https:\\\/\\\/westfriesmuseum.nl\\\/de\\\/\",\"name\":\"Westfries Museum\",\"description\":\"Museum dicht, stad open\",\"publisher\":{\"@id\":\"https:\\\/\\\/westfriesmuseum.nl\\\/de\\\/#organization\"},\"potentialAction\":[{\"@type\":\"SearchAction\",\"target\":{\"@type\":\"EntryPoint\",\"urlTemplate\":\"https:\\\/\\\/westfriesmuseum.nl\\\/de\\\/?s={search_term_string}\"},\"query-input\":{\"@type\":\"PropertyValueSpecification\",\"valueRequired\":true,\"valueName\":\"search_term_string\"}}],\"inLanguage\":\"de\"},{\"@type\":\"Organization\",\"@id\":\"https:\\\/\\\/westfriesmuseum.nl\\\/de\\\/#organization\",\"name\":\"Westfries Museum\",\"url\":\"https:\\\/\\\/westfriesmuseum.nl\\\/de\\\/\",\"logo\":{\"@type\":\"ImageObject\",\"inLanguage\":\"de\",\"@id\":\"https:\\\/\\\/westfriesmuseum.nl\\\/de\\\/#\\\/schema\\\/logo\\\/image\\\/\",\"url\":\"https:\\\/\\\/westfriesmuseum.nl\\\/wp-content\\\/uploads\\\/2022\\\/11\\\/logo_westfriesmuseum.png\",\"contentUrl\":\"https:\\\/\\\/westfriesmuseum.nl\\\/wp-content\\\/uploads\\\/2022\\\/11\\\/logo_westfriesmuseum.png\",\"width\":676,\"height\":361,\"caption\":\"Westfries Museum\"},\"image\":{\"@id\":\"https:\\\/\\\/westfriesmuseum.nl\\\/de\\\/#\\\/schema\\\/logo\\\/image\\\/\"},\"sameAs\":[\"https:\\\/\\\/nl-nl.facebook.com\\\/westfriesmuseum\\\/\",\"https:\\\/\\\/x.com\\\/WestfriesMuseum\"]}]}<\/script>\n<!-- \/ Yoast SEO plugin. -->","yoast_head_json":{"title":"Uber uns - Westfries Museum","description":"Die monumentale Unterkunft und die Kollektion erz\u00e4hlen zusammen die Geschichte der Kulturvergangenheit von Hoorn und West-Friesland.","robots":{"index":"index","follow":"follow","max-snippet":"max-snippet:-1","max-image-preview":"max-image-preview:large","max-video-preview":"max-video-preview:-1"},"canonical":"https:\/\/westfriesmuseum.nl\/de\/uber-uns\/","og_locale":"de_DE","og_type":"article","og_title":"Uber uns - Westfries Museum","og_description":"Die monumentale Unterkunft und die Kollektion erz\u00e4hlen zusammen die Geschichte der Kulturvergangenheit von Hoorn und West-Friesland.","og_url":"https:\/\/westfriesmuseum.nl\/de\/uber-uns\/","og_site_name":"Westfries Museum","article_publisher":"https:\/\/nl-nl.facebook.com\/westfriesmuseum\/","article_modified_time":"2024-10-21T07:45:50+00:00","og_image":[{"width":1920,"height":1080,"url":"https:\/\/westfriesmuseum.nl\/wp-content\/uploads\/2022\/11\/image-header-1920x1080-1.jpg","type":"image\/jpeg"}],"twitter_card":"summary_large_image","twitter_site":"@WestfriesMuseum","twitter_misc":{"Est. reading time":"3\u00a0Minute"},"schema":{"@context":"https:\/\/schema.org","@graph":[{"@type":"WebPage","@id":"https:\/\/westfriesmuseum.nl\/de\/uber-uns\/","url":"https:\/\/westfriesmuseum.nl\/de\/uber-uns\/","name":"Uber uns - Westfries Museum","isPartOf":{"@id":"https:\/\/westfriesmuseum.nl\/de\/#website"},"primaryImageOfPage":{"@id":"https:\/\/westfriesmuseum.nl\/de\/uber-uns\/#primaryimage"},"image":{"@id":"https:\/\/westfriesmuseum.nl\/de\/uber-uns\/#primaryimage"},"thumbnailUrl":"https:\/\/westfriesmuseum.nl\/wp-content\/uploads\/2022\/11\/image-header-1920x1080-1.jpg","datePublished":"2022-12-22T08:54:39+00:00","dateModified":"2024-10-21T07:45:50+00:00","description":"Die monumentale Unterkunft und die Kollektion erz\u00e4hlen zusammen die Geschichte der Kulturvergangenheit von Hoorn und West-Friesland.","breadcrumb":{"@id":"https:\/\/westfriesmuseum.nl\/de\/uber-uns\/#breadcrumb"},"inLanguage":"de","potentialAction":[{"@type":"ReadAction","target":["https:\/\/westfriesmuseum.nl\/de\/uber-uns\/"]}]},{"@type":"ImageObject","inLanguage":"de","@id":"https:\/\/westfriesmuseum.nl\/de\/uber-uns\/#primaryimage","url":"https:\/\/westfriesmuseum.nl\/wp-content\/uploads\/2022\/11\/image-header-1920x1080-1.jpg","contentUrl":"https:\/\/westfriesmuseum.nl\/wp-content\/uploads\/2022\/11\/image-header-1920x1080-1.jpg","width":1920,"height":1080,"caption":"Schilderij van Roode Steen met oude stadhuis en Statencollege"},{"@type":"BreadcrumbList","@id":"https:\/\/westfriesmuseum.nl\/de\/uber-uns\/#breadcrumb","itemListElement":[{"@type":"ListItem","position":1,"name":"Home","item":"https:\/\/westfriesmuseum.nl\/de\/"},{"@type":"ListItem","position":2,"name":"Uber uns"}]},{"@type":"WebSite","@id":"https:\/\/westfriesmuseum.nl\/de\/#website","url":"https:\/\/westfriesmuseum.nl\/de\/","name":"Westfries Museum","description":"Museum dicht, stad open","publisher":{"@id":"https:\/\/westfriesmuseum.nl\/de\/#organization"},"potentialAction":[{"@type":"SearchAction","target":{"@type":"EntryPoint","urlTemplate":"https:\/\/westfriesmuseum.nl\/de\/?s={search_term_string}"},"query-input":{"@type":"PropertyValueSpecification","valueRequired":true,"valueName":"search_term_string"}}],"inLanguage":"de"},{"@type":"Organization","@id":"https:\/\/westfriesmuseum.nl\/de\/#organization","name":"Westfries Museum","url":"https:\/\/westfriesmuseum.nl\/de\/","logo":{"@type":"ImageObject","inLanguage":"de","@id":"https:\/\/westfriesmuseum.nl\/de\/#\/schema\/logo\/image\/","url":"https:\/\/westfriesmuseum.nl\/wp-content\/uploads\/2022\/11\/logo_westfriesmuseum.png","contentUrl":"https:\/\/westfriesmuseum.nl\/wp-content\/uploads\/2022\/11\/logo_westfriesmuseum.png","width":676,"height":361,"caption":"Westfries Museum"},"image":{"@id":"https:\/\/westfriesmuseum.nl\/de\/#\/schema\/logo\/image\/"},"sameAs":["https:\/\/nl-nl.facebook.com\/westfriesmuseum\/","https:\/\/x.com\/WestfriesMuseum"]}]}},"_links":{"self":[{"href":"https:\/\/westfriesmuseum.nl\/de\/wp-json\/wp\/v2\/pages\/1457","targetHints":{"allow":["GET"]}}],"collection":[{"href":"https:\/\/westfriesmuseum.nl\/de\/wp-json\/wp\/v2\/pages"}],"about":[{"href":"https:\/\/westfriesmuseum.nl\/de\/wp-json\/wp\/v2\/types\/page"}],"author":[{"embeddable":true,"href":"https:\/\/westfriesmuseum.nl\/de\/wp-json\/wp\/v2\/users\/1"}],"replies":[{"embeddable":true,"href":"https:\/\/westfriesmuseum.nl\/de\/wp-json\/wp\/v2\/comments?post=1457"}],"version-history":[{"count":0,"href":"https:\/\/westfriesmuseum.nl\/de\/wp-json\/wp\/v2\/pages\/1457\/revisions"}],"wp:featuredmedia":[{"embeddable":true,"href":"https:\/\/westfriesmuseum.nl\/de\/wp-json\/wp\/v2\/media\/127"}],"wp:attachment":[{"href":"https:\/\/westfriesmuseum.nl\/de\/wp-json\/wp\/v2\/media?parent=1457"}],"curies":[{"name":"wp","href":"https:\/\/api.w.org\/{rel}","templated":true}]}}