{"id":1304,"date":"2022-12-16T15:17:23","date_gmt":"2022-12-16T14:17:23","guid":{"rendered":"https:\/\/westfriesmuseum.nl\/?page_id=1304"},"modified":"2022-12-28T16:20:51","modified_gmt":"2022-12-28T15:20:51","slug":"barrierefreiheit-der-website","status":"publish","type":"page","link":"https:\/\/westfriesmuseum.nl\/de\/barrierefreiheit-der-website\/","title":{"rendered":"Barrierefreiheit der website"},"content":{"rendered":"\n<p>Es ist wichtig, dass jeder die Informationen auf dieser Website einfach nutzen, ansehen und finden kann. In der Erkl\u00e4rung zur Barrierefreiheit wird erl\u00e4utert, inwieweit diese Website die Anforderungen an die Barrierefreiheit erf\u00fcllt.<\/p>\n\n\n\n<h2 class=\"wp-block-heading\">Erkl\u00e4rung zur Barrierefreiheit<\/h2>\n\n\n\n<p>Eigenerkl\u00e4rung \u00fcber die Barrierefreiheit der Website <a href=\"https:\/\/westfriesmuseum.nl\">https:\/\/westfriesmuseum.nl<\/a>.&nbsp;&nbsp;<br>Die Gemeinde Hoorn ist gesetzlich verpflichtet, diese Website f\u00fcr jedermann zug\u00e4nglich zu machen.<\/p>\n\n\n\n<p>Der Website-Status ist: noch nicht bekannt.<br>F\u00fcr 2023 wird eine unabh\u00e4ngige Pr\u00fcfung eingeplant.<\/p>\n\n\n\n<h2 class=\"wp-block-heading\">Probleme in Bezug auf die Barrierefreiheit melden<\/h2>\n\n\n\n<p>Haben Sie Fragen oder Anmerkungen? Oder erkennen Sie auf einer Seite etwas, das nicht barrierefrei ist? Dann melden Sie dies bitte per E-Mail an <a href=\"mailto:w&#101;&#98;m&#97;st&#101;r&#64;&#104;&#111;o&#114;n.n&#108;\">we&#98;ma&#115;&#116;&#101;&#114;&#64;&#104;oo&#114;&#110;.&#110;l<\/a>.<\/p>\n","protected":false},"excerpt":{"rendered":"<p>Es ist wichtig, dass jeder die Informationen auf dieser Website einfach nutzen, ansehen und finden kann. In der Erkl\u00e4rung zur Barrierefreiheit wird erl\u00e4utert, inwieweit diese Website die Anforderungen an die Barrierefreiheit erf\u00fcllt. Erkl\u00e4rung zur Barrierefreiheit Eigenerkl\u00e4rung \u00fcber die Barrierefreiheit der Website https:\/\/westfriesmuseum.nl.&nbsp;&nbsp;Die Gemeinde Hoorn ist gesetzlich verpflichtet, diese Website f\u00fcr jedermann zug\u00e4nglich zu machen. Der<a class=\"excerpt-read-more\" href=\"https:\/\/westfriesmuseum.nl\/de\/barrierefreiheit-der-website\/\" title=\"WeiterlesenBarrierefreiheit der website\">.. Weiterlesen \u00bb<\/a><\/p>\n","protected":false},"author":1,"featured_media":127,"parent":0,"menu_order":0,"comment_status":"closed","ping_status":"closed","template":"page-templates\/header-small.php","meta":{"_acf_changed":false,"footnotes":""},"class_list":["post-1304","page","type-page","status-publish","has-post-thumbnail","hentry"],"acf":[],"yoast_head":"<!-- This site is optimized with the Yoast SEO plugin v27.4 - https:\/\/yoast.com\/product\/yoast-seo-wordpress\/ -->\n<title>Barrierefreiheit der website - Westfries Museum<\/title>\n<meta name=\"description\" content=\"Es ist wichtig, dass jeder die Informationen auf dieser Website einfach nutzen, ansehen und finden kann.\" \/>\n<meta name=\"robots\" content=\"index, follow, max-snippet:-1, max-image-preview:large, max-video-preview:-1\" \/>\n<link rel=\"canonical\" href=\"https:\/\/westfriesmuseum.nl\/de\/barrierefreiheit-der-website\/\" \/>\n<meta property=\"og:locale\" content=\"de_DE\" \/>\n<meta property=\"og:type\" content=\"article\" \/>\n<meta property=\"og:title\" content=\"Barrierefreiheit der website - Westfries Museum\" \/>\n<meta property=\"og:description\" content=\"Es ist wichtig, dass jeder die Informationen auf dieser Website einfach nutzen, ansehen und finden kann.\" \/>\n<meta property=\"og:url\" content=\"https:\/\/westfriesmuseum.nl\/de\/barrierefreiheit-der-website\/\" \/>\n<meta property=\"og:site_name\" content=\"Westfries Museum\" \/>\n<meta property=\"article:publisher\" content=\"https:\/\/nl-nl.facebook.com\/westfriesmuseum\/\" \/>\n<meta property=\"article:modified_time\" content=\"2022-12-28T15:20:51+00:00\" \/>\n<meta property=\"og:image\" content=\"https:\/\/westfriesmuseum.nl\/wp-content\/uploads\/2022\/11\/image-header-1920x1080-1.jpg\" \/>\n\t<meta property=\"og:image:width\" content=\"1920\" \/>\n\t<meta property=\"og:image:height\" content=\"1080\" \/>\n\t<meta property=\"og:image:type\" content=\"image\/jpeg\" \/>\n<meta name=\"twitter:card\" content=\"summary_large_image\" \/>\n<meta name=\"twitter:site\" content=\"@WestfriesMuseum\" \/>\n<meta name=\"twitter:label1\" content=\"Est. reading time\" \/>\n\t<meta name=\"twitter:data1\" content=\"1\u00a0Minute\" \/>\n<script type=\"application\/ld+json\" class=\"yoast-schema-graph\">{\"@context\":\"https:\\\/\\\/schema.org\",\"@graph\":[{\"@type\":\"WebPage\",\"@id\":\"https:\\\/\\\/westfriesmuseum.nl\\\/de\\\/barrierefreiheit-der-website\\\/\",\"url\":\"https:\\\/\\\/westfriesmuseum.nl\\\/de\\\/barrierefreiheit-der-website\\\/\",\"name\":\"Barrierefreiheit der website - Westfries Museum\",\"isPartOf\":{\"@id\":\"https:\\\/\\\/westfriesmuseum.nl\\\/de\\\/#website\"},\"primaryImageOfPage\":{\"@id\":\"https:\\\/\\\/westfriesmuseum.nl\\\/de\\\/barrierefreiheit-der-website\\\/#primaryimage\"},\"image\":{\"@id\":\"https:\\\/\\\/westfriesmuseum.nl\\\/de\\\/barrierefreiheit-der-website\\\/#primaryimage\"},\"thumbnailUrl\":\"https:\\\/\\\/westfriesmuseum.nl\\\/wp-content\\\/uploads\\\/2022\\\/11\\\/image-header-1920x1080-1.jpg\",\"datePublished\":\"2022-12-16T14:17:23+00:00\",\"dateModified\":\"2022-12-28T15:20:51+00:00\",\"description\":\"Es ist wichtig, dass jeder die Informationen auf dieser Website einfach nutzen, ansehen und finden kann.\",\"breadcrumb\":{\"@id\":\"https:\\\/\\\/westfriesmuseum.nl\\\/de\\\/barrierefreiheit-der-website\\\/#breadcrumb\"},\"inLanguage\":\"de\",\"potentialAction\":[{\"@type\":\"ReadAction\",\"target\":[\"https:\\\/\\\/westfriesmuseum.nl\\\/de\\\/barrierefreiheit-der-website\\\/\"]}]},{\"@type\":\"ImageObject\",\"inLanguage\":\"de\",\"@id\":\"https:\\\/\\\/westfriesmuseum.nl\\\/de\\\/barrierefreiheit-der-website\\\/#primaryimage\",\"url\":\"https:\\\/\\\/westfriesmuseum.nl\\\/wp-content\\\/uploads\\\/2022\\\/11\\\/image-header-1920x1080-1.jpg\",\"contentUrl\":\"https:\\\/\\\/westfriesmuseum.nl\\\/wp-content\\\/uploads\\\/2022\\\/11\\\/image-header-1920x1080-1.jpg\",\"width\":1920,\"height\":1080,\"caption\":\"Schilderij van Roode Steen met oude stadhuis en Statencollege\"},{\"@type\":\"BreadcrumbList\",\"@id\":\"https:\\\/\\\/westfriesmuseum.nl\\\/de\\\/barrierefreiheit-der-website\\\/#breadcrumb\",\"itemListElement\":[{\"@type\":\"ListItem\",\"position\":1,\"name\":\"Home\",\"item\":\"https:\\\/\\\/westfriesmuseum.nl\\\/de\\\/\"},{\"@type\":\"ListItem\",\"position\":2,\"name\":\"Barrierefreiheit der website\"}]},{\"@type\":\"WebSite\",\"@id\":\"https:\\\/\\\/westfriesmuseum.nl\\\/de\\\/#website\",\"url\":\"https:\\\/\\\/westfriesmuseum.nl\\\/de\\\/\",\"name\":\"Westfries Museum\",\"description\":\"Museum dicht, stad open\",\"publisher\":{\"@id\":\"https:\\\/\\\/westfriesmuseum.nl\\\/de\\\/#organization\"},\"potentialAction\":[{\"@type\":\"SearchAction\",\"target\":{\"@type\":\"EntryPoint\",\"urlTemplate\":\"https:\\\/\\\/westfriesmuseum.nl\\\/de\\\/?s={search_term_string}\"},\"query-input\":{\"@type\":\"PropertyValueSpecification\",\"valueRequired\":true,\"valueName\":\"search_term_string\"}}],\"inLanguage\":\"de\"},{\"@type\":\"Organization\",\"@id\":\"https:\\\/\\\/westfriesmuseum.nl\\\/de\\\/#organization\",\"name\":\"Westfries Museum\",\"url\":\"https:\\\/\\\/westfriesmuseum.nl\\\/de\\\/\",\"logo\":{\"@type\":\"ImageObject\",\"inLanguage\":\"de\",\"@id\":\"https:\\\/\\\/westfriesmuseum.nl\\\/de\\\/#\\\/schema\\\/logo\\\/image\\\/\",\"url\":\"https:\\\/\\\/westfriesmuseum.nl\\\/wp-content\\\/uploads\\\/2022\\\/11\\\/logo_westfriesmuseum.png\",\"contentUrl\":\"https:\\\/\\\/westfriesmuseum.nl\\\/wp-content\\\/uploads\\\/2022\\\/11\\\/logo_westfriesmuseum.png\",\"width\":676,\"height\":361,\"caption\":\"Westfries Museum\"},\"image\":{\"@id\":\"https:\\\/\\\/westfriesmuseum.nl\\\/de\\\/#\\\/schema\\\/logo\\\/image\\\/\"},\"sameAs\":[\"https:\\\/\\\/nl-nl.facebook.com\\\/westfriesmuseum\\\/\",\"https:\\\/\\\/x.com\\\/WestfriesMuseum\"]}]}<\/script>\n<!-- \/ Yoast SEO plugin. -->","yoast_head_json":{"title":"Barrierefreiheit der website - Westfries Museum","description":"Es ist wichtig, dass jeder die Informationen auf dieser Website einfach nutzen, ansehen und finden kann.","robots":{"index":"index","follow":"follow","max-snippet":"max-snippet:-1","max-image-preview":"max-image-preview:large","max-video-preview":"max-video-preview:-1"},"canonical":"https:\/\/westfriesmuseum.nl\/de\/barrierefreiheit-der-website\/","og_locale":"de_DE","og_type":"article","og_title":"Barrierefreiheit der website - Westfries Museum","og_description":"Es ist wichtig, dass jeder die Informationen auf dieser Website einfach nutzen, ansehen und finden kann.","og_url":"https:\/\/westfriesmuseum.nl\/de\/barrierefreiheit-der-website\/","og_site_name":"Westfries Museum","article_publisher":"https:\/\/nl-nl.facebook.com\/westfriesmuseum\/","article_modified_time":"2022-12-28T15:20:51+00:00","og_image":[{"width":1920,"height":1080,"url":"https:\/\/westfriesmuseum.nl\/wp-content\/uploads\/2022\/11\/image-header-1920x1080-1.jpg","type":"image\/jpeg"}],"twitter_card":"summary_large_image","twitter_site":"@WestfriesMuseum","twitter_misc":{"Est. reading time":"1\u00a0Minute"},"schema":{"@context":"https:\/\/schema.org","@graph":[{"@type":"WebPage","@id":"https:\/\/westfriesmuseum.nl\/de\/barrierefreiheit-der-website\/","url":"https:\/\/westfriesmuseum.nl\/de\/barrierefreiheit-der-website\/","name":"Barrierefreiheit der website - Westfries Museum","isPartOf":{"@id":"https:\/\/westfriesmuseum.nl\/de\/#website"},"primaryImageOfPage":{"@id":"https:\/\/westfriesmuseum.nl\/de\/barrierefreiheit-der-website\/#primaryimage"},"image":{"@id":"https:\/\/westfriesmuseum.nl\/de\/barrierefreiheit-der-website\/#primaryimage"},"thumbnailUrl":"https:\/\/westfriesmuseum.nl\/wp-content\/uploads\/2022\/11\/image-header-1920x1080-1.jpg","datePublished":"2022-12-16T14:17:23+00:00","dateModified":"2022-12-28T15:20:51+00:00","description":"Es ist wichtig, dass jeder die Informationen auf dieser Website einfach nutzen, ansehen und finden kann.","breadcrumb":{"@id":"https:\/\/westfriesmuseum.nl\/de\/barrierefreiheit-der-website\/#breadcrumb"},"inLanguage":"de","potentialAction":[{"@type":"ReadAction","target":["https:\/\/westfriesmuseum.nl\/de\/barrierefreiheit-der-website\/"]}]},{"@type":"ImageObject","inLanguage":"de","@id":"https:\/\/westfriesmuseum.nl\/de\/barrierefreiheit-der-website\/#primaryimage","url":"https:\/\/westfriesmuseum.nl\/wp-content\/uploads\/2022\/11\/image-header-1920x1080-1.jpg","contentUrl":"https:\/\/westfriesmuseum.nl\/wp-content\/uploads\/2022\/11\/image-header-1920x1080-1.jpg","width":1920,"height":1080,"caption":"Schilderij van Roode Steen met oude stadhuis en Statencollege"},{"@type":"BreadcrumbList","@id":"https:\/\/westfriesmuseum.nl\/de\/barrierefreiheit-der-website\/#breadcrumb","itemListElement":[{"@type":"ListItem","position":1,"name":"Home","item":"https:\/\/westfriesmuseum.nl\/de\/"},{"@type":"ListItem","position":2,"name":"Barrierefreiheit der website"}]},{"@type":"WebSite","@id":"https:\/\/westfriesmuseum.nl\/de\/#website","url":"https:\/\/westfriesmuseum.nl\/de\/","name":"Westfries Museum","description":"Museum dicht, stad open","publisher":{"@id":"https:\/\/westfriesmuseum.nl\/de\/#organization"},"potentialAction":[{"@type":"SearchAction","target":{"@type":"EntryPoint","urlTemplate":"https:\/\/westfriesmuseum.nl\/de\/?s={search_term_string}"},"query-input":{"@type":"PropertyValueSpecification","valueRequired":true,"valueName":"search_term_string"}}],"inLanguage":"de"},{"@type":"Organization","@id":"https:\/\/westfriesmuseum.nl\/de\/#organization","name":"Westfries Museum","url":"https:\/\/westfriesmuseum.nl\/de\/","logo":{"@type":"ImageObject","inLanguage":"de","@id":"https:\/\/westfriesmuseum.nl\/de\/#\/schema\/logo\/image\/","url":"https:\/\/westfriesmuseum.nl\/wp-content\/uploads\/2022\/11\/logo_westfriesmuseum.png","contentUrl":"https:\/\/westfriesmuseum.nl\/wp-content\/uploads\/2022\/11\/logo_westfriesmuseum.png","width":676,"height":361,"caption":"Westfries Museum"},"image":{"@id":"https:\/\/westfriesmuseum.nl\/de\/#\/schema\/logo\/image\/"},"sameAs":["https:\/\/nl-nl.facebook.com\/westfriesmuseum\/","https:\/\/x.com\/WestfriesMuseum"]}]}},"_links":{"self":[{"href":"https:\/\/westfriesmuseum.nl\/de\/wp-json\/wp\/v2\/pages\/1304","targetHints":{"allow":["GET"]}}],"collection":[{"href":"https:\/\/westfriesmuseum.nl\/de\/wp-json\/wp\/v2\/pages"}],"about":[{"href":"https:\/\/westfriesmuseum.nl\/de\/wp-json\/wp\/v2\/types\/page"}],"author":[{"embeddable":true,"href":"https:\/\/westfriesmuseum.nl\/de\/wp-json\/wp\/v2\/users\/1"}],"replies":[{"embeddable":true,"href":"https:\/\/westfriesmuseum.nl\/de\/wp-json\/wp\/v2\/comments?post=1304"}],"version-history":[{"count":0,"href":"https:\/\/westfriesmuseum.nl\/de\/wp-json\/wp\/v2\/pages\/1304\/revisions"}],"wp:featuredmedia":[{"embeddable":true,"href":"https:\/\/westfriesmuseum.nl\/de\/wp-json\/wp\/v2\/media\/127"}],"wp:attachment":[{"href":"https:\/\/westfriesmuseum.nl\/de\/wp-json\/wp\/v2\/media?parent=1304"}],"curies":[{"name":"wp","href":"https:\/\/api.w.org\/{rel}","templated":true}]}}